{"id":730,"date":"2020-04-08T16:25:01","date_gmt":"2020-04-08T16:25:01","guid":{"rendered":"http:\/\/issaproject.eu\/?page_id=730"},"modified":"2020-04-08T16:30:27","modified_gmt":"2020-04-08T16:30:27","slug":"bienvenido","status":"publish","type":"page","link":"http:\/\/issaproject.eu\/?page_id=730&lang=es","title":{"rendered":"\u00a1Bienvenido!"},"content":{"rendered":"\r\n<p style=\"text-align: left;\">El proyecto ISSA (Internacionalizaci\u00f3n para start-ups sociales y emprendedores) est\u00e1 dise\u00f1ado para identificar m\u00e9todos de aprendizaje b\u00e1sicos e innovadores que fomenten el \u00e9xito en las actividades internacionales para las empresas sociales de nueva creaci\u00f3n y los empresarios.<\/p>\r\n<img decoding=\"async\" loading=\"lazy\" class=\"size-medium wp-image-333 aligncenter\" src=\"http:\/\/issaproject.eu\/wp-content\/uploads\/2020\/03\/iconfinder_729_Business_career_employee_entrepreneur_leader_Business_Management_4178944-300x300.png\" alt=\"\" width=\"300\" height=\"300\" srcset=\"http:\/\/issaproject.eu\/wp-content\/uploads\/2020\/03\/iconfinder_729_Business_career_employee_entrepreneur_leader_Business_Management_4178944-300x300.png 300w, http:\/\/issaproject.eu\/wp-content\/uploads\/2020\/03\/iconfinder_729_Business_career_employee_entrepreneur_leader_Business_Management_4178944-150x150.png 150w, http:\/\/issaproject.eu\/wp-content\/uploads\/2020\/03\/iconfinder_729_Business_career_employee_entrepreneur_leader_Business_Management_4178944.png 512w\" sizes=\"(max-width: 300px) 100vw, 300px\" \/>\r\n<p style=\"text-align: left;\">El proyecto ISSA trabajar\u00e1 para lograr los siguientes objetivos:<\/p>\r\n\r\n<ol>\r\n \t<li style=\"text-align: left;\">Promover el uso de la formaci\u00f3n digital como una forma de fomentar la internacionalizaci\u00f3n de los emprendedores sociales y las empresas de nueva creaci\u00f3n europeas a trav\u00e9s de la autoformaci\u00f3n, con el fin de formar a empresas sociales sobre la internacionalizaci\u00f3n.<\/li>\r\n \t<li style=\"text-align: left;\">Promover y potenciar el uso de herramientas digitales innovadoras como el entorno del mundo virtual, motivando a los emprendedores sociales a hacer uso de ellas.<\/li>\r\n \t<li style=\"text-align: left;\">Desarrollar un espacio europeo de educaci\u00f3n y formaci\u00f3n mediante el uso estrat\u00e9gico de las Tecnolog\u00edas de la informaci\u00f3n y comunicaci\u00f3n (TIC), dentro del compendio de m\u00f3dulos de autoformaci\u00f3n disponibles para amplios grupos de receptores.<\/li>\r\n \t<li style=\"text-align: left;\">Impulsar la internacionalizaci\u00f3n de los emprendedores sociales como medida para aumentar sus beneficios.<\/li>\r\n \t<li style=\"text-align: left;\">Respaldar la distancia con el aprendizaje virtual y crear el terreno adecuado para un aprendizaje empresarial efectivo.<\/li>\r\n<\/ol>\r\n","protected":false},"excerpt":{"rendered":"<p>El proyecto ISSA (Internacionalizaci\u00f3n para start-ups sociales y emprendedores) est\u00e1 dise\u00f1ado para identificar m\u00e9todos de aprendizaje b\u00e1sicos e innovadores que fomenten el \u00e9xito en las actividades internacionales para las empresas sociales de nueva creaci\u00f3n y los empresarios. El proyecto ISSA trabajar\u00e1 para lograr los siguientes objetivos: Promover el uso de la formaci\u00f3n digital como una &hellip; <a href=\"http:\/\/issaproject.eu\/?page_id=730&#038;lang=es\" class=\"more-link\">Continue reading <span class=\"screen-reader-text\">\u00a1Bienvenido!<\/span><\/a><\/p>\n","protected":false},"author":1,"featured_media":26,"parent":0,"menu_order":0,"comment_status":"closed","ping_status":"closed","template":"page-templates\/main-page.php","meta":{"jetpack_post_was_ever_published":false},"jetpack_sharing_enabled":true,"jetpack_shortlink":"https:\/\/wp.me\/PceX4s-bM","_links":{"self":[{"href":"http:\/\/issaproject.eu\/index.php?rest_route=\/wp\/v2\/pages\/730"}],"collection":[{"href":"http:\/\/issaproject.eu\/index.php?rest_route=\/wp\/v2\/pages"}],"about":[{"href":"http:\/\/issaproject.eu\/index.php?rest_route=\/wp\/v2\/types\/page"}],"author":[{"embeddable":true,"href":"http:\/\/issaproject.eu\/index.php?rest_route=\/wp\/v2\/users\/1"}],"replies":[{"embeddable":true,"href":"http:\/\/issaproject.eu\/index.php?rest_route=%2Fwp%2Fv2%2Fcomments&post=730"}],"version-history":[{"count":3,"href":"http:\/\/issaproject.eu\/index.php?rest_route=\/wp\/v2\/pages\/730\/revisions"}],"predecessor-version":[{"id":733,"href":"http:\/\/issaproject.eu\/index.php?rest_route=\/wp\/v2\/pages\/730\/revisions\/733"}],"wp:featuredmedia":[{"embeddable":true,"href":"http:\/\/issaproject.eu\/index.php?rest_route=\/wp\/v2\/media\/26"}],"wp:attachment":[{"href":"http:\/\/issaproject.eu\/index.php?rest_route=%2Fwp%2Fv2%2Fmedia&parent=730"}],"curies":[{"name":"wp","href":"https:\/\/api.w.org\/{rel}","templated":true}]}}