{"id":734,"date":"2020-04-08T16:34:47","date_gmt":"2020-04-08T16:34:47","guid":{"rendered":"http:\/\/issaproject.eu\/?page_id=734"},"modified":"2020-04-10T13:18:00","modified_gmt":"2020-04-10T13:18:00","slug":"socios","status":"publish","type":"page","link":"http:\/\/issaproject.eu\/?page_id=734&lang=es","title":{"rendered":"Socios"},"content":{"rendered":"<div style=\"height: 200px; border: 1px solid; margin-bottom: 20px; padding-left: 10px; width: 60%; margin-left: auto; margin-right: auto; padding-right: 10px;\"><a href=\"http:\/\/issaproject.eu\/?page_id=751&amp;lang=es\" rel=\"noopener noreferrer\"><br \/>\n<img decoding=\"async\" loading=\"lazy\" class=\"alignleft wp-image-86\" src=\"https:\/\/www.cs.ucy.ac.cy\/projects\/issa\/wp-content\/uploads\/2019\/12\/ntnu-300x88.png\" alt=\"\" width=\"266\" height=\"78\" srcset=\"http:\/\/issaproject.eu\/wp-content\/uploads\/2019\/12\/ntnu-300x88.png 300w, http:\/\/issaproject.eu\/wp-content\/uploads\/2019\/12\/ntnu.png 417w\" sizes=\"(max-width: 266px) 100vw, 266px\" \/><\/a>Aprenda m\u00e1s sobre<br \/>\n<a href=\"http:\/\/issaproject.eu\/?page_id=751&amp;lang=es\"><strong>Universidad Noruega de Ciencia y Tecnolog\u00eda (NTNU) &#8211; Coordinador<\/strong><\/a><\/div>\n<div style=\"height: 200px; border: 1px solid; margin-bottom: 20px; padding-left: 10px; width: 60%; margin-left: auto; margin-right: auto; padding-right: 10px;\"><a href=\"http:\/\/issaproject.eu\/index.php\/es\/socios\/ucy\/\" rel=\"noopener noreferrer\"><br \/>\n<\/a><a href=\"http:\/\/issaproject.eu\/?page_id=755&amp;lang=es\" rel=\"noopener noreferrer\"><img decoding=\"async\" loading=\"lazy\" class=\"alignleft wp-image-100\" src=\"http:\/\/www.cs.ucy.ac.cy\/projects\/digit\/wp-content\/uploads\/2019\/12\/University_of_Cyprus_en-430x186.jpg\" alt=\"\" width=\"308\" height=\"133\" \/><\/a>M\u00e1s informaci\u00f3n sobre la <a href=\"http:\/\/issaproject.eu\/?page_id=755&amp;lang=es\"><strong>Universidad de Chipre<\/strong><\/a><\/div>\n<div style=\"height: 200px; border: 1px solid; margin-bottom: 20px; padding-left: 10px; width: 60%; margin-left: auto; margin-right: auto; padding-right: 10px;\"><a href=\"http:\/\/issaproject.eu\/?page_id=747&amp;lang=es\" rel=\"noopener noreferrer\"><img decoding=\"async\" loading=\"lazy\" class=\"alignleft wp-image-252 size-medium\" src=\"http:\/\/issaproject.eu\/wp-content\/uploads\/2020\/02\/LOGO-FYG-300x203.png\" alt=\"\" width=\"300\" height=\"203\" srcset=\"http:\/\/issaproject.eu\/wp-content\/uploads\/2020\/02\/LOGO-FYG-300x203.png 300w, http:\/\/issaproject.eu\/wp-content\/uploads\/2020\/02\/LOGO-FYG.png 491w\" sizes=\"(max-width: 300px) 100vw, 300px\" \/><\/a><span style=\"text-align: center;\"><br \/>\nM\u00e1s informaci\u00f3n sobre <a href=\"http:\/\/issaproject.eu\/?page_id=747&amp;lang=es\"><strong>FyG Consultores<\/strong><\/a><br \/>\n<\/span><\/div>\n<div style=\"height: 200px; border: 1px solid; margin-bottom: 20px; padding-left: 10px; width: 60%; margin-left: auto; margin-right: auto; padding-right: 10px;\"><a href=\"http:\/\/issaproject.eu\/index.php\/es\/socios\/cti\/\" rel=\"noopener noreferrer\"><br \/>\n<\/a><a href=\"http:\/\/issaproject.eu\/?page_id=743&amp;lang=es\" rel=\"noopener noreferrer\"><img decoding=\"async\" loading=\"lazy\" class=\"alignleft wp-image-84\" src=\"https:\/\/www.cs.ucy.ac.cy\/projects\/issa\/wp-content\/uploads\/2019\/12\/cti.png\" alt=\"\" width=\"209\" height=\"145\" \/><\/a><span style=\"text-align: center;\"><br \/>\nAprenda m\u00e1s sobre <a href=\"http:\/\/issaproject.eu\/?page_id=743&amp;lang=es\"><strong>CTI Diophantus<\/strong><\/a><br \/>\n<\/span><\/div>\n<div style=\"height: 200px; border: 1px solid; margin-bottom: 20px; padding-left: 10px; width: 60%; margin-left: auto; margin-right: auto; padding-right: 10px;\"><a href=\"http:\/\/issaproject.eu\/index.php\/es\/socios\/bfe\/\" rel=\"noopener noreferrer\"><br \/>\n<\/a><a href=\"http:\/\/issaproject.eu\/?page_id=738&amp;lang=es\" rel=\"noopener noreferrer\"><img decoding=\"async\" loading=\"lazy\" class=\"alignleft wp-image-83\" src=\"https:\/\/www.cs.ucy.ac.cy\/projects\/issa\/wp-content\/uploads\/2019\/12\/bfe.png\" alt=\"\" width=\"223\" height=\"133\" \/><\/a><span style=\"text-align: center;\"><br \/>\nM\u00e1s informaci\u00f3n sobre la <a href=\"http:\/\/issaproject.eu\/?page_id=738&amp;lang=es\"><strong>Fundaci\u00f3n Empresarial de Educaci\u00f3n (BFE)<\/strong><\/a><br \/>\n<\/span><\/div>\n","protected":false},"excerpt":{"rendered":"<p>Aprenda m\u00e1s sobre Universidad Noruega de Ciencia y Tecnolog\u00eda (NTNU) &#8211; Coordinador M\u00e1s informaci\u00f3n sobre la Universidad de Chipre M\u00e1s informaci\u00f3n sobre FyG Consultores Aprenda m\u00e1s sobre CTI Diophantus M\u00e1s informaci\u00f3n sobre la Fundaci\u00f3n Empresarial de Educaci\u00f3n (BFE)<\/p>\n","protected":false},"author":1,"featured_media":0,"parent":0,"menu_order":0,"comment_status":"closed","ping_status":"closed","template":"","meta":{"jetpack_post_was_ever_published":false},"jetpack_sharing_enabled":true,"jetpack_shortlink":"https:\/\/wp.me\/PceX4s-bQ","_links":{"self":[{"href":"http:\/\/issaproject.eu\/index.php?rest_route=\/wp\/v2\/pages\/734"}],"collection":[{"href":"http:\/\/issaproject.eu\/index.php?rest_route=\/wp\/v2\/pages"}],"about":[{"href":"http:\/\/issaproject.eu\/index.php?rest_route=\/wp\/v2\/types\/page"}],"author":[{"embeddable":true,"href":"http:\/\/issaproject.eu\/index.php?rest_route=\/wp\/v2\/users\/1"}],"replies":[{"embeddable":true,"href":"http:\/\/issaproject.eu\/index.php?rest_route=%2Fwp%2Fv2%2Fcomments&post=734"}],"version-history":[{"count":6,"href":"http:\/\/issaproject.eu\/index.php?rest_route=\/wp\/v2\/pages\/734\/revisions"}],"predecessor-version":[{"id":910,"href":"http:\/\/issaproject.eu\/index.php?rest_route=\/wp\/v2\/pages\/734\/revisions\/910"}],"wp:attachment":[{"href":"http:\/\/issaproject.eu\/index.php?rest_route=%2Fwp%2Fv2%2Fmedia&parent=734"}],"curies":[{"name":"wp","href":"https:\/\/api.w.org\/{rel}","templated":true}]}}