{"id":738,"date":"2020-04-09T10:00:47","date_gmt":"2020-04-09T10:00:47","guid":{"rendered":"http:\/\/issaproject.eu\/?page_id=738"},"modified":"2020-04-09T10:04:40","modified_gmt":"2020-04-09T10:04:40","slug":"bfe","status":"publish","type":"page","link":"http:\/\/issaproject.eu\/?page_id=738&lang=es","title":{"rendered":"BFE"},"content":{"rendered":"<div class=\"responsive-tabs\">\n<h2 class=\"tabtitle\">Acerca de<\/h2>\n<div class=\"tabcontent\">\n\n<p><img decoding=\"async\" loading=\"lazy\" class=\"alignnone size-full wp-image-250\" src=\"https:\/\/www.cs.ucy.ac.cy\/projects\/issa\/wp-content\/uploads\/2020\/02\/bfe.png\" alt=\"\" width=\"273\" height=\"163\" \/><\/p>\n<p>La Fundaci\u00f3n Empresarial para la Educaci\u00f3n (BFE) es una ONG b\u00falgara. Su misi\u00f3n es facilitar el desarrollo de la sociedad civil mediante iniciativas que mejoren la competitividad de los recursos humanos y contribuyan al desarrollo econ\u00f3mico y la prosperidad. Para lograr sus objetivos, la Fundaci\u00f3n lleva a cabo una variedad de proyectos centrados en los \u00e1mbitos del aprendizaje permanente, el asesoramiento en materia de orientaci\u00f3n, el empleo y la pol\u00edtica social, la formaci\u00f3n profesional y el trabajo con j\u00f3venes.<\/p>\n<p>La Fundaci\u00f3n es un l\u00edder reconocido en el \u00e1mbito de la orientaci\u00f3n profesional en Bulgaria y es un entusiasta promotor de la profesi\u00f3n de asesoramiento de orientaci\u00f3n. Sus iniciativas contribuyeron a sensibilizar a los encargados de adoptar decisiones, los expertos en educaci\u00f3n, los empleadores, los directores de escuela y el p\u00fablico en general sobre los beneficios de la orientaci\u00f3n permanente para todas las generaciones. El BFE capitaliza la capacidad y contin\u00faa los esfuerzos del exitoso Proyecto de Mercado Laboral de la USAID, dirigido a reforzar el desarrollo competitivo de la fuerza de trabajo en Bulgaria y en el extranjero.<\/p>\n\n<\/div><h2 class=\"tabtitle\">Contacto:<\/h2>\n<div class=\"tabcontent\">\n\n<p><strong>Fundaci\u00f3n Empresarial de Educaci\u00f3n<\/strong><br \/>\nGerganaAndreeva<br \/>\n<a href=\"mailto:grakovska@fbo.bg\">grakovska@fbo.bg<\/a><br \/>\n+359878577548<br \/>\n<a href=\"http:\/\/www.fbo.bg\">www.fbo.bg<\/a><\/p>\n<\/div><\/div>\n","protected":false},"excerpt":{"rendered":"<p>La Fundaci\u00f3n Empresarial para la Educaci\u00f3n (BFE) es una ONG b\u00falgara. Su misi\u00f3n es facilitar el desarrollo de la sociedad civil mediante iniciativas que mejoren la competitividad de los recursos humanos y contribuyan al desarrollo econ\u00f3mico y la prosperidad. Para lograr sus objetivos, la Fundaci\u00f3n lleva a cabo una variedad de proyectos centrados en los &hellip; <a href=\"http:\/\/issaproject.eu\/?page_id=738&#038;lang=es\" class=\"more-link\">Continue reading <span class=\"screen-reader-text\">BFE<\/span><\/a><\/p>\n","protected":false},"author":1,"featured_media":250,"parent":734,"menu_order":0,"comment_status":"closed","ping_status":"closed","template":"","meta":{"jetpack_post_was_ever_published":false},"jetpack_sharing_enabled":true,"jetpack_shortlink":"https:\/\/wp.me\/PceX4s-bU","_links":{"self":[{"href":"http:\/\/issaproject.eu\/index.php?rest_route=\/wp\/v2\/pages\/738"}],"collection":[{"href":"http:\/\/issaproject.eu\/index.php?rest_route=\/wp\/v2\/pages"}],"about":[{"href":"http:\/\/issaproject.eu\/index.php?rest_route=\/wp\/v2\/types\/page"}],"author":[{"embeddable":true,"href":"http:\/\/issaproject.eu\/index.php?rest_route=\/wp\/v2\/users\/1"}],"replies":[{"embeddable":true,"href":"http:\/\/issaproject.eu\/index.php?rest_route=%2Fwp%2Fv2%2Fcomments&post=738"}],"version-history":[{"count":4,"href":"http:\/\/issaproject.eu\/index.php?rest_route=\/wp\/v2\/pages\/738\/revisions"}],"predecessor-version":[{"id":742,"href":"http:\/\/issaproject.eu\/index.php?rest_route=\/wp\/v2\/pages\/738\/revisions\/742"}],"up":[{"embeddable":true,"href":"http:\/\/issaproject.eu\/index.php?rest_route=\/wp\/v2\/pages\/734"}],"wp:featuredmedia":[{"embeddable":true,"href":"http:\/\/issaproject.eu\/index.php?rest_route=\/wp\/v2\/media\/250"}],"wp:attachment":[{"href":"http:\/\/issaproject.eu\/index.php?rest_route=%2Fwp%2Fv2%2Fmedia&parent=738"}],"curies":[{"name":"wp","href":"https:\/\/api.w.org\/{rel}","templated":true}]}}