{"id":743,"date":"2020-04-09T10:07:46","date_gmt":"2020-04-09T10:07:46","guid":{"rendered":"http:\/\/issaproject.eu\/?page_id=743"},"modified":"2020-04-09T10:15:23","modified_gmt":"2020-04-09T10:15:23","slug":"cti","status":"publish","type":"page","link":"http:\/\/issaproject.eu\/?page_id=743&lang=es","title":{"rendered":"CTI"},"content":{"rendered":"<div class=\"responsive-tabs\">\n<h2 class=\"tabtitle\">Acerca de<\/h2>\n<div class=\"tabcontent\">\n\n<p><img decoding=\"async\" loading=\"lazy\" class=\"alignnone size-full wp-image-257\" src=\"https:\/\/www.cs.ucy.ac.cy\/projects\/issa\/wp-content\/uploads\/2020\/02\/cti.png\" alt=\"\" width=\"238\" height=\"165\" \/><\/p>\n<p>El Instituto de Tecnolog\u00eda Inform\u00e1tica y Prensa &#8220;Diophantus&#8221; (CTI) fue fundado en 1985 en Patras. El CTI es una organizaci\u00f3n de investigaci\u00f3n y tecnolog\u00eda que se centra en la investigaci\u00f3n y el desarrollo de las tecnolog\u00edas de la informaci\u00f3n y la comunicaci\u00f3n (TIC). Se hace especial hincapi\u00e9 en la educaci\u00f3n, mediante el desarrollo y la utilizaci\u00f3n de medios convencionales y digitales en la educaci\u00f3n y el aprendizaje permanente; la publicaci\u00f3n de materiales educativos impresos y electr\u00f3nicos; la administraci\u00f3n y gesti\u00f3n de la Red Escolar Griega; y el apoyo a la organizaci\u00f3n y el funcionamiento de la infraestructura electr\u00f3nica del Ministerio de Educaci\u00f3n y Asuntos Religiosos de Grecia y de todas las unidades educativas. Desde su creaci\u00f3n en 1985, y en los \u00faltimos decenios de r\u00e1pido desarrollo tecnol\u00f3gico, la CTI ha contribuido activamente a muchos de los avances que hoy en d\u00eda se dan por descontados.<\/p>\n<p>La Direcci\u00f3n de Telem\u00e1tica y Aplicaciones para el Desarrollo Regional (abreviado &#8220;Centro de Telem\u00e1tica&#8221;) del CTI, que participa en este proyecto, se estableci\u00f3 con el objetivo de mejorar el desarrollo regional mediante el uso eficaz de la tecnolog\u00eda de la informaci\u00f3n y las comunicaciones. El Centro Telem\u00e1tico del CTI tiene una importante experiencia en el dise\u00f1o y desarrollo de servicios avanzados de aprendizaje electr\u00f3nico, en particular los relacionados con los entornos de aprendizaje electr\u00f3nico de la Web 2.0 y las herramientas de los mundos virtuales en 3D como instrumento educativo y de capacitaci\u00f3n.<\/p>\n\n<\/div><h2 class=\"tabtitle\">Contacto<\/h2>\n<div class=\"tabcontent\">\n\n<p><strong>CTI Diophantus <\/strong><br \/>\nProfesor Michalis Xenos<br \/>\nxenos@ceid.upatras.gr<br \/>\n+30 2610 996944<\/p>\n<\/div><\/div>\n","protected":false},"excerpt":{"rendered":"<p>El Instituto de Tecnolog\u00eda Inform\u00e1tica y Prensa &#8220;Diophantus&#8221; (CTI) fue fundado en 1985 en Patras. El CTI es una organizaci\u00f3n de investigaci\u00f3n y tecnolog\u00eda que se centra en la investigaci\u00f3n y el desarrollo de las tecnolog\u00edas de la informaci\u00f3n y la comunicaci\u00f3n (TIC). Se hace especial hincapi\u00e9 en la educaci\u00f3n, mediante el desarrollo y la &hellip; <a href=\"http:\/\/issaproject.eu\/?page_id=743&#038;lang=es\" class=\"more-link\">Continue reading <span class=\"screen-reader-text\">CTI<\/span><\/a><\/p>\n","protected":false},"author":1,"featured_media":257,"parent":734,"menu_order":0,"comment_status":"closed","ping_status":"closed","template":"","meta":{"jetpack_post_was_ever_published":false},"jetpack_sharing_enabled":true,"jetpack_shortlink":"https:\/\/wp.me\/PceX4s-bZ","_links":{"self":[{"href":"http:\/\/issaproject.eu\/index.php?rest_route=\/wp\/v2\/pages\/743"}],"collection":[{"href":"http:\/\/issaproject.eu\/index.php?rest_route=\/wp\/v2\/pages"}],"about":[{"href":"http:\/\/issaproject.eu\/index.php?rest_route=\/wp\/v2\/types\/page"}],"author":[{"embeddable":true,"href":"http:\/\/issaproject.eu\/index.php?rest_route=\/wp\/v2\/users\/1"}],"replies":[{"embeddable":true,"href":"http:\/\/issaproject.eu\/index.php?rest_route=%2Fwp%2Fv2%2Fcomments&post=743"}],"version-history":[{"count":3,"href":"http:\/\/issaproject.eu\/index.php?rest_route=\/wp\/v2\/pages\/743\/revisions"}],"predecessor-version":[{"id":746,"href":"http:\/\/issaproject.eu\/index.php?rest_route=\/wp\/v2\/pages\/743\/revisions\/746"}],"up":[{"embeddable":true,"href":"http:\/\/issaproject.eu\/index.php?rest_route=\/wp\/v2\/pages\/734"}],"wp:featuredmedia":[{"embeddable":true,"href":"http:\/\/issaproject.eu\/index.php?rest_route=\/wp\/v2\/media\/257"}],"wp:attachment":[{"href":"http:\/\/issaproject.eu\/index.php?rest_route=%2Fwp%2Fv2%2Fmedia&parent=743"}],"curies":[{"name":"wp","href":"https:\/\/api.w.org\/{rel}","templated":true}]}}