{"id":751,"date":"2020-04-09T10:21:22","date_gmt":"2020-04-09T10:21:22","guid":{"rendered":"http:\/\/issaproject.eu\/?page_id=751"},"modified":"2020-04-09T10:25:56","modified_gmt":"2020-04-09T10:25:56","slug":"ntnu","status":"publish","type":"page","link":"http:\/\/issaproject.eu\/?page_id=751&lang=es","title":{"rendered":"NTNU"},"content":{"rendered":"<div class=\"responsive-tabs\">\n<h2 class=\"tabtitle\">Acerca de<\/h2>\n<div class=\"tabcontent\">\n\n<p><span style=\"color: #000000;\"><img decoding=\"async\" loading=\"lazy\" class=\"alignnone size-medium wp-image-262\" src=\"https:\/\/www.cs.ucy.ac.cy\/projects\/issa\/wp-content\/uploads\/2020\/02\/hovedlogo_eng-300x99.png\" alt=\"\" width=\"300\" height=\"99\" srcset=\"http:\/\/issaproject.eu\/wp-content\/uploads\/2020\/02\/hovedlogo_eng-300x99.png 300w, http:\/\/issaproject.eu\/wp-content\/uploads\/2020\/02\/hovedlogo_eng-1024x339.png 1024w, http:\/\/issaproject.eu\/wp-content\/uploads\/2020\/02\/hovedlogo_eng-768x254.png 768w, http:\/\/issaproject.eu\/wp-content\/uploads\/2020\/02\/hovedlogo_eng-1536x508.png 1536w, http:\/\/issaproject.eu\/wp-content\/uploads\/2020\/02\/hovedlogo_eng.png 1772w\" sizes=\"(max-width: 300px) 100vw, 300px\" \/><\/span><\/p>\n<p>En la NTNU, la Universidad Noruega de Ciencia y Tecnolog\u00eda, creamos conocimiento para un mundo mejor y soluciones que pueden cambiar la vida cotidiana.<\/p>\n<p>NTNU es una universidad con un enfoque internacional, con sede en Trondheim y campus en \u00c5lesund y Gj\u00f8vik. La NTNU tiene un perfil principal en ciencia y tecnolog\u00eda, una variedad de programas de estudio profesional y una gran amplitud acad\u00e9mica que tambi\u00e9n incluye las humanidades, las ciencias sociales, la econom\u00eda, la medicina, las ciencias de la salud, la ciencia de la educaci\u00f3n, la arquitectura, el esp\u00edritu empresarial, las disciplinas art\u00edsticas y las actividades art\u00edsticas.<\/p>\n<p>La NTNU tiene ocho facultades, el Museo y la Biblioteca de la Universidad, 42 000 estudiantes y 7400 empleados a tiempo completo.<\/p>\n<p>La NTNU est\u00e1 comprometida con la educaci\u00f3n innovadora, especialmente con el aumento del uso de m\u00e9todos de aprendizaje con la participaci\u00f3n activa de los estudiantes y la digitalizaci\u00f3n.<\/p>\n<p>La NTNU tiene cuatro esferas estrat\u00e9gicas de investigaci\u00f3n para el per\u00edodo 2014-2023: la sostenibilidad, la energ\u00eda, los oc\u00e9anos y la salud. La universidad es tambi\u00e9n anfitriona o asociada de 35 grandes centros de investigaci\u00f3n.<\/p>\n<p>Alrededor del 9% de los estudiantes de la NTNU son internacionales y contamos con una amplia red internacional. La NTNU tiene una oficina en Bruselas (junto con la Universidad de Bergen y el SINTEF).<\/p>\n\n<\/div><h2 class=\"tabtitle\">Contacto<\/h2>\n<div class=\"tabcontent\">\n\n<p><span style=\"color: #000000;\">NTNU &#8211; La Universidad Noruega de Ciencia y Tecnolog\u00eda<br \/>\nDirecci\u00f3n: H\u00f8gskoleringen 1, 7491 Trondheim, Norway<br \/>\nP\u00e1gina web: <a href=\"http:\/\/www.ntnu.edu\">www.ntnu.edu<\/a><br \/>\nPersona de contacto: Torgeir Aadland<br \/>\nCorreo electr\u00f3nico: <a href=\"mailto:torgeir.aadland@ntnu.no\">torgeir.aadland@ntnu.no<\/a><br \/>\n<\/span><\/p>\n<\/div><\/div>\n","protected":false},"excerpt":{"rendered":"<p>En la NTNU, la Universidad Noruega de Ciencia y Tecnolog\u00eda, creamos conocimiento para un mundo mejor y soluciones que pueden cambiar la vida cotidiana. NTNU es una universidad con un enfoque internacional, con sede en Trondheim y campus en \u00c5lesund y Gj\u00f8vik. La NTNU tiene un perfil principal en ciencia y tecnolog\u00eda, una variedad de &hellip; <a href=\"http:\/\/issaproject.eu\/?page_id=751&#038;lang=es\" class=\"more-link\">Continue reading <span class=\"screen-reader-text\">NTNU<\/span><\/a><\/p>\n","protected":false},"author":1,"featured_media":262,"parent":734,"menu_order":0,"comment_status":"closed","ping_status":"closed","template":"","meta":{"jetpack_post_was_ever_published":false},"jetpack_sharing_enabled":true,"jetpack_shortlink":"https:\/\/wp.me\/PceX4s-c7","_links":{"self":[{"href":"http:\/\/issaproject.eu\/index.php?rest_route=\/wp\/v2\/pages\/751"}],"collection":[{"href":"http:\/\/issaproject.eu\/index.php?rest_route=\/wp\/v2\/pages"}],"about":[{"href":"http:\/\/issaproject.eu\/index.php?rest_route=\/wp\/v2\/types\/page"}],"author":[{"embeddable":true,"href":"http:\/\/issaproject.eu\/index.php?rest_route=\/wp\/v2\/users\/1"}],"replies":[{"embeddable":true,"href":"http:\/\/issaproject.eu\/index.php?rest_route=%2Fwp%2Fv2%2Fcomments&post=751"}],"version-history":[{"count":3,"href":"http:\/\/issaproject.eu\/index.php?rest_route=\/wp\/v2\/pages\/751\/revisions"}],"predecessor-version":[{"id":754,"href":"http:\/\/issaproject.eu\/index.php?rest_route=\/wp\/v2\/pages\/751\/revisions\/754"}],"up":[{"embeddable":true,"href":"http:\/\/issaproject.eu\/index.php?rest_route=\/wp\/v2\/pages\/734"}],"wp:featuredmedia":[{"embeddable":true,"href":"http:\/\/issaproject.eu\/index.php?rest_route=\/wp\/v2\/media\/262"}],"wp:attachment":[{"href":"http:\/\/issaproject.eu\/index.php?rest_route=%2Fwp%2Fv2%2Fmedia&parent=751"}],"curies":[{"name":"wp","href":"https:\/\/api.w.org\/{rel}","templated":true}]}}