{"id":759,"date":"2020-04-09T10:31:17","date_gmt":"2020-04-09T10:31:17","guid":{"rendered":"http:\/\/issaproject.eu\/?page_id=759"},"modified":"2021-12-09T11:13:18","modified_gmt":"2021-12-09T11:13:18","slug":"acerca-de","status":"publish","type":"page","link":"http:\/\/issaproject.eu\/?page_id=759&lang=es","title":{"rendered":"Acerca de"},"content":{"rendered":"<div class=\"responsive-tabs\">\n<h2 class=\"tabtitle\">Objetivo<\/h2>\n<div class=\"tabcontent\">\n\n<p><img decoding=\"async\" loading=\"lazy\" class=\" wp-image-295 alignleft\" src=\"http:\/\/issaproject.eu\/wp-content\/uploads\/2020\/02\/iconfinder_vector_65_15_473803-300x300.png\" alt=\"\" width=\"133\" height=\"133\" srcset=\"http:\/\/issaproject.eu\/wp-content\/uploads\/2020\/02\/iconfinder_vector_65_15_473803-300x300.png 300w, http:\/\/issaproject.eu\/wp-content\/uploads\/2020\/02\/iconfinder_vector_65_15_473803-150x150.png 150w, http:\/\/issaproject.eu\/wp-content\/uploads\/2020\/02\/iconfinder_vector_65_15_473803.png 512w\" sizes=\"(max-width: 133px) 100vw, 133px\" \/><\/p>\n<p>ISSA, &#8220;Internacionalizaci\u00f3n para start-ups sociales y emprendedores&#8221; est\u00e1 dise\u00f1ado para identificar los m\u00e9todos de aprendizaje b\u00e1sicos e innovadores que fomentan el \u00e9xito en las actividades internacionales de las empresas sociales de nueva creaci\u00f3n y los empresarios. El proyecto se basa en proyectos anteriores (SUC, comunidades de puesta en marcha; SUI, Internacionalizaci\u00f3n de la puesta en marcha) pero va un paso m\u00e1s all\u00e1 promoviendo la expansi\u00f3n internacional y el desarrollo de las empresas de nueva creaci\u00f3n y los empresarios sociales.<\/p>\n<p>&nbsp;<\/p>\n\n<\/div><h2 class=\"tabtitle\">Producto Intelectual 1<\/h2>\n<div class=\"tabcontent\">\n\n<p><strong>Marco de competencias de ISSA y contenido de formaci\u00f3n y escenarios &#8211; Emprendedores sociales y start-ups que se internacionalizan<\/strong><\/p>\n<p><img decoding=\"async\" loading=\"lazy\" class=\"wp-image-303 alignleft\" src=\"http:\/\/issaproject.eu\/wp-content\/uploads\/2020\/02\/iconfinder_training_2639934-300x300.png\" alt=\"\" width=\"164\" height=\"164\" srcset=\"http:\/\/issaproject.eu\/wp-content\/uploads\/2020\/02\/iconfinder_training_2639934-300x300.png 300w, http:\/\/issaproject.eu\/wp-content\/uploads\/2020\/02\/iconfinder_training_2639934-150x150.png 150w, http:\/\/issaproject.eu\/wp-content\/uploads\/2020\/02\/iconfinder_training_2639934.png 512w\" sizes=\"(max-width: 164px) 100vw, 164px\" \/><\/p>\n<p>El objetivo es crear un contenido de formaci\u00f3n que eduque a los emprendedores sociales hacia la internacionalizaci\u00f3n de las empresas sociales. El paquete de autoformaci\u00f3n se basar\u00e1 en las competencias seleccionadas en relaci\u00f3n con ENTRE-COMP (el marco de competencias empresariales, que ofrece un marco para crear un consenso en torno a una comprensi\u00f3n com\u00fan de la competencia empresarial) y la internacionalizaci\u00f3n, a fin de garantizar su perfecta adecuaci\u00f3n a las empresas sociales en su camino hacia la internacionalizaci\u00f3n. El contenido formativo tambi\u00e9n incluir\u00e1 pruebas de autoevaluaci\u00f3n para mejorar a\u00fan m\u00e1s la experiencia de aprendizaje.<\/p>\n<p>&nbsp;<\/p>\n<p style=\"text-align: left;\"><strong>Los resultados:<\/strong><\/p>\n<p style=\"text-align: left;\"><img decoding=\"async\" loading=\"lazy\" class=\"alignnone wp-image-315\" src=\"http:\/\/issaproject.eu\/wp-content\/uploads\/2020\/03\/acrobatpdf-300x264.jpg\" alt=\"\" width=\"39\" height=\"34\" \/> Cuestionario para el estudio de investigaci\u00f3n de campo <em><strong><em><a href=\"http:\/\/issaproject.eu\/wp-content\/uploads\/2020\/12\/ISSA_Questionaire.pdf\" target=\"_blank\" rel=\"noopener noreferrer\">[Haga clic aqu\u00ed]<\/a><\/em><\/strong><\/em><\/p>\n<p><img decoding=\"async\" loading=\"lazy\" class=\"alignnone wp-image-315\" src=\"http:\/\/issaproject.eu\/wp-content\/uploads\/2020\/03\/acrobatpdf-300x264.jpg\" alt=\"\" width=\"39\" height=\"34\" \/> Informe del estudio de investigaci\u00f3n de campo <em><strong><em><a href=\"http:\/\/issaproject.eu\/wp-content\/uploads\/2020\/12\/ISSA_Field-Research-Report.pdf\" target=\"_blank\" rel=\"noopener noreferrer\">[Haga clic aqu\u00ed]<\/a><\/em><\/strong><\/em><\/p>\n<p><img decoding=\"async\" loading=\"lazy\" class=\"alignnone wp-image-315\" src=\"http:\/\/issaproject.eu\/wp-content\/uploads\/2020\/03\/acrobatpdf-300x264.jpg\" alt=\"\" width=\"39\" height=\"34\" \/> Informe final &amp; Competencias definidas <em><strong><em><a href=\"http:\/\/issaproject.eu\/wp-content\/uploads\/2020\/12\/ISSA_Competences-ES.pdf\" target=\"_blank\" rel=\"noopener noreferrer\">[Haga clic aqu\u00ed]<\/a><\/em><\/strong><\/em><\/p>\n<p><img decoding=\"async\" loading=\"lazy\" class=\"alignnone wp-image-323\" src=\"http:\/\/issaproject.eu\/wp-content\/uploads\/2020\/03\/iconfinder_templates_18461.png\" alt=\"\" width=\"34\" height=\"34\" \/> Plantillas para los m\u00f3dulos de autoaprendizaje <em><strong><em><a href=\"http:\/\/issaproject.eu\/wp-content\/uploads\/2020\/12\/Template-for-self-teaching-modules.pdf\" target=\"_blank\" rel=\"noopener noreferrer\">[Haga clic aqu\u00ed]<\/a><\/em><\/strong><\/em><\/p>\n<p><img decoding=\"async\" loading=\"lazy\" class=\"alignnone wp-image-323\" src=\"http:\/\/issaproject.eu\/wp-content\/uploads\/2020\/03\/iconfinder_templates_18461.png\" alt=\"\" width=\"34\" height=\"34\" \/> Plantillas de escenarios <em><strong><em><a href=\"http:\/\/issaproject.eu\/wp-content\/uploads\/2020\/12\/ISSA-SCENARIO_mobilising-resources-ES.pdf\" target=\"_blank\" rel=\"noopener noreferrer\">[Haga clic aqu\u00ed]<\/a><\/em><\/strong><\/em><\/p>\n<p><img decoding=\"async\" loading=\"lazy\" class=\"alignnone wp-image-324\" src=\"http:\/\/issaproject.eu\/wp-content\/uploads\/2020\/03\/iconfinder_298_training_course_online_computer_chat_3957626.png\" alt=\"\" width=\"42\" height=\"42\" \/> M\u00f3dulos y pruebas de autoevaluaci\u00f3n <em><strong><em><a href=\"http:\/\/issaproject.eu\/wp-content\/uploads\/2020\/12\/Modules-self-assessment-tests.pdf\" target=\"_blank\" rel=\"noopener noreferrer\">[Haga clic aqu\u00ed]<\/a><\/em><\/strong><\/em><\/p>\n\n<\/div><h2 class=\"tabtitle\">Producto Intelectual 2<\/h2>\n<div class=\"tabcontent\">\n\n<p><strong>Plataforma de aprendizaje electr\u00f3nico de ISSA<\/strong><\/p>\n<p><img decoding=\"async\" loading=\"lazy\" class=\"wp-image-292 alignleft\" src=\"http:\/\/issaproject.eu\/wp-content\/uploads\/2020\/02\/icons8-moodle-480-300x300.png\" alt=\"\" width=\"167\" height=\"167\" srcset=\"http:\/\/issaproject.eu\/wp-content\/uploads\/2020\/02\/icons8-moodle-480-300x300.png 300w, http:\/\/issaproject.eu\/wp-content\/uploads\/2020\/02\/icons8-moodle-480-150x150.png 150w, http:\/\/issaproject.eu\/wp-content\/uploads\/2020\/02\/icons8-moodle-480.png 480w\" sizes=\"(max-width: 167px) 100vw, 167px\" \/><\/p>\n<p>El objetivo es poner en marcha la plataforma de aprendizaje electr\u00f3nico de ISSA. Ser\u00e1 un LMS Moodle y se utilizar\u00e1 para alojar el contenido de aprendizaje (material de aprendizaje, los escenarios relacionados y las pruebas de autoevaluaci\u00f3n). La plataforma de e-learning de ISSA tambi\u00e9n ser\u00e1 un espacio donde las empresas de nueva creaci\u00f3n y los emprendedores podr\u00e1n reunirse, comunicarse y compartir sus experiencias y conocimientos sobre cuestiones de internacionalizaci\u00f3n, planes de expansi\u00f3n, emprendimientos sostenibles y sociales, contribuyendo as\u00ed a la formaci\u00f3n de una comunidad.<\/p>\n<p>&nbsp;<\/p>\n<p><strong>Los resultados:<\/strong><\/p>\n<p><img decoding=\"async\" loading=\"lazy\" class=\"alignnone wp-image-323\" src=\"http:\/\/issaproject.eu\/wp-content\/uploads\/2020\/03\/iconfinder_templates_18461.png\" alt=\"\" width=\"34\" height=\"34\" \/> Plantillas de contenidos educativos <em><strong>[<a href=\"http:\/\/issaproject.eu\/wp-content\/uploads\/2021\/05\/ISSA_Educational-content-templates-with-content-included-in-all-partner-languages-Copy.pdf\" target=\"_blank\" rel=\"noopener noreferrer\">Haga clic aqu\u00ed<\/a>]<\/strong><\/em><\/p>\n<p><img decoding=\"async\" loading=\"lazy\" class=\"alignnone wp-image-321\" src=\"http:\/\/issaproject.eu\/wp-content\/uploads\/2020\/03\/iconfinder_discord_14_5474118.png\" alt=\"\" width=\"42\" height=\"42\" \/> Plataforma de aprendizaje electr\u00f3nico de ISSA (<a href=\"http:\/\/issaproject.eu\/?page_id=766&amp;lang=es\" target=\"_blank\" rel=\"noopener noreferrer\">enlace a la p\u00e1gina<\/a>)<\/p>\n<p><img decoding=\"async\" loading=\"lazy\" class=\"alignnone wp-image-315\" src=\"http:\/\/issaproject.eu\/wp-content\/uploads\/2020\/03\/acrobatpdf-300x264.jpg\" alt=\"\" width=\"39\" height=\"34\" \/> <a href=\"http:\/\/issaproject.eu\/wp-content\/uploads\/2021\/09\/ISSA-E-learning-manual_ES-FINAL-VERSION.pdf\" target=\"_blank\" rel=\"noopener noreferrer\">Manual del usuario<\/a><\/p>\n\n<\/div><h2 class=\"tabtitle\">Producto Intelectual 3<\/h2>\n<div class=\"tabcontent\">\n\n<p><strong>Entorno de aprendizaje virtual de ISSA<\/strong><\/p>\n<p><img decoding=\"async\" loading=\"lazy\" class=\"wp-image-309 alignleft\" src=\"http:\/\/issaproject.eu\/wp-content\/uploads\/2020\/03\/iconfinder_546_3d_cube_dimensional_modelling_sketch_game_design_development_4168605-300x300.png\" alt=\"\" width=\"151\" height=\"151\" srcset=\"http:\/\/issaproject.eu\/wp-content\/uploads\/2020\/03\/iconfinder_546_3d_cube_dimensional_modelling_sketch_game_design_development_4168605-300x300.png 300w, http:\/\/issaproject.eu\/wp-content\/uploads\/2020\/03\/iconfinder_546_3d_cube_dimensional_modelling_sketch_game_design_development_4168605-150x150.png 150w, http:\/\/issaproject.eu\/wp-content\/uploads\/2020\/03\/iconfinder_546_3d_cube_dimensional_modelling_sketch_game_design_development_4168605.png 512w\" sizes=\"(max-width: 151px) 100vw, 151px\" \/>Este objetivo es producir el dise\u00f1o conceptual y la arquitectura de sistema de la plataforma 3D Virtual World (VW), en la que el contenido did\u00e1ctico producido (material did\u00e1ctico, los escenarios conexos y las pruebas de autoevaluaci\u00f3n) de IO2 se &#8220;transferir\u00e1&#8221; en el VW a trav\u00e9s de Sloodle (un proyecto gratuito y de c\u00f3digo abierto que integra entornos virtuales multiusuario desarrollados en OpenSim con el sistema de gesti\u00f3n del aprendizaje Moodle).<\/p>\n<p>&nbsp;<\/p>\n<p><strong>Los resultados:<\/strong><\/p>\n<p><img decoding=\"async\" loading=\"lazy\" class=\"alignnone wp-image-315\" src=\"http:\/\/issaproject.eu\/wp-content\/uploads\/2020\/03\/acrobatpdf-300x264-150x150.jpg\" alt=\"\" width=\"39\" height=\"34\" \/>\u00a0 Informe t\u00e9cnico <em><strong>[<a href=\"http:\/\/issaproject.eu\/wp-content\/uploads\/2021\/05\/IO3-A1_Technical-specification-3D-VW-Platform_final.pdf\" target=\"_blank\" rel=\"noopener noreferrer\">Haga clic aqu\u00ed<\/a>]<\/strong><\/em><\/p>\n<p><img decoding=\"async\" loading=\"lazy\" class=\"alignnone wp-image-321\" src=\"http:\/\/issaproject.eu\/wp-content\/uploads\/2020\/03\/iconfinder_discord_14_5474118.png\" alt=\"\" width=\"42\" height=\"42\" \/> Plataforma de Realidad Virtual (<a href=\"http:\/\/issaproject.eu\/?page_id=769&amp;lang=es\" target=\"_blank\" rel=\"noopener noreferrer\">enlace a la p\u00e1gina<\/a>)<\/p>\n<p><img decoding=\"async\" loading=\"lazy\" class=\"alignnone wp-image-315\" src=\"http:\/\/issaproject.eu\/wp-content\/uploads\/2020\/03\/acrobatpdf-300x264.jpg\" alt=\"\" width=\"39\" height=\"34\" \/> <a href=\"http:\/\/issaproject.eu\/wp-content\/uploads\/2021\/02\/ISSA-Platform-manual_v1_ES.pdf\" target=\"_blank\" rel=\"noopener noreferrer\">Manual (versi\u00f3n 1)<\/a><\/p>\n<p><img decoding=\"async\" loading=\"lazy\" class=\"alignnone wp-image-315\" src=\"http:\/\/issaproject.eu\/wp-content\/uploads\/2020\/03\/acrobatpdf-300x264.jpg\" alt=\"\" width=\"39\" height=\"34\" \/> <a href=\"http:\/\/issaproject.eu\/wp-content\/uploads\/2021\/09\/ISSA-Platform-manual_v2_ES.pdf\" target=\"_blank\" rel=\"noopener noreferrer\">Manual (versi\u00f3n 2)\u00a0<\/a><\/p>\n<p><img decoding=\"async\" loading=\"lazy\" class=\"alignnone wp-image-319 \" src=\"http:\/\/issaproject.eu\/wp-content\/uploads\/2020\/03\/iconfinder_play_1055007.png\" alt=\"\" width=\"37\" height=\"37\" \/> <a href=\"https:\/\/www.youtube.com\/watch?v=YOR0skwsEqc\" target=\"_blank\" rel=\"noopener noreferrer\">Video de demostraci\u00f3n<\/a><\/p>\n\n<\/div><h2 class=\"tabtitle\">Producto Intelectual 4<\/h2>\n<div class=\"tabcontent\">\n\n<p><strong>PILOTO para las actividades de internacionalizaci\u00f3n de los empresarios sociales y las start-ups<\/strong><\/p>\n<p><img decoding=\"async\" loading=\"lazy\" class=\"wp-image-310 alignleft\" src=\"http:\/\/issaproject.eu\/wp-content\/uploads\/2020\/03\/iconfinder_77_hacker_user_gammer_programmer_4307949-300x300.png\" alt=\"\" width=\"153\" height=\"153\" srcset=\"http:\/\/issaproject.eu\/wp-content\/uploads\/2020\/03\/iconfinder_77_hacker_user_gammer_programmer_4307949-300x300.png 300w, http:\/\/issaproject.eu\/wp-content\/uploads\/2020\/03\/iconfinder_77_hacker_user_gammer_programmer_4307949-150x150.png 150w, http:\/\/issaproject.eu\/wp-content\/uploads\/2020\/03\/iconfinder_77_hacker_user_gammer_programmer_4307949.png 512w\" sizes=\"(max-width: 153px) 100vw, 153px\" \/>El objetivo es realizar proyectos piloto que garanticen que el marco de competencias desarrollado, el contenido formativo, los escenarios, la plataforma de aprendizaje virtual y el entorno de Realidad Virtual sean productos de buena calidad y coherentes que cumplan adecuadamente sus objetivos, sean pertinentes para las necesidades de los usuarios y tengan un buen potencial de internacionalizaci\u00f3n.<\/p>\n<p>&nbsp;<\/p>\n<p>&nbsp;<\/p>\n<p><strong>Los resultados:<\/strong><\/p>\n<p><img decoding=\"async\" loading=\"lazy\" class=\"alignnone wp-image-315\" src=\"http:\/\/issaproject.eu\/wp-content\/uploads\/2020\/03\/acrobatpdf-300x264.jpg\" alt=\"\" width=\"39\" height=\"34\" \/> <a href=\"http:\/\/issaproject.eu\/wp-content\/uploads\/2021\/09\/ISSA-Piloting-methodology_final.pdf\" target=\"_blank\" rel=\"noopener noreferrer\">Metodolog\u00eda piloto<\/a><\/p>\n<p><img decoding=\"async\" loading=\"lazy\" class=\"alignnone wp-image-315\" src=\"http:\/\/issaproject.eu\/wp-content\/uploads\/2020\/03\/acrobatpdf-300x264.jpg\" alt=\"\" width=\"39\" height=\"34\" \/> <a href=\"http:\/\/issaproject.eu\/wp-content\/uploads\/2021\/12\/consolidated-piloting-report-ISSA-final.pdf\" target=\"_blank\" rel=\"noopener noreferrer\">Informe de pilotaje<\/a><\/p>\n<\/div><\/div>\n","protected":false},"excerpt":{"rendered":"<p>ISSA, &#8220;Internacionalizaci\u00f3n para start-ups sociales y emprendedores&#8221; est\u00e1 dise\u00f1ado para identificar los m\u00e9todos de aprendizaje b\u00e1sicos e innovadores que fomentan el \u00e9xito en las actividades internacionales de las empresas sociales de nueva creaci\u00f3n y los empresarios. El proyecto se basa en proyectos anteriores (SUC, comunidades de puesta en marcha; SUI, Internacionalizaci\u00f3n de la puesta en &hellip; <a href=\"http:\/\/issaproject.eu\/?page_id=759&#038;lang=es\" class=\"more-link\">Continue reading <span class=\"screen-reader-text\">Acerca de<\/span><\/a><\/p>\n","protected":false},"author":1,"featured_media":0,"parent":0,"menu_order":0,"comment_status":"closed","ping_status":"closed","template":"","meta":{"jetpack_post_was_ever_published":false},"jetpack_sharing_enabled":true,"jetpack_shortlink":"https:\/\/wp.me\/PceX4s-cf","_links":{"self":[{"href":"http:\/\/issaproject.eu\/index.php?rest_route=\/wp\/v2\/pages\/759"}],"collection":[{"href":"http:\/\/issaproject.eu\/index.php?rest_route=\/wp\/v2\/pages"}],"about":[{"href":"http:\/\/issaproject.eu\/index.php?rest_route=\/wp\/v2\/types\/page"}],"author":[{"embeddable":true,"href":"http:\/\/issaproject.eu\/index.php?rest_route=\/wp\/v2\/users\/1"}],"replies":[{"embeddable":true,"href":"http:\/\/issaproject.eu\/index.php?rest_route=%2Fwp%2Fv2%2Fcomments&post=759"}],"version-history":[{"count":20,"href":"http:\/\/issaproject.eu\/index.php?rest_route=\/wp\/v2\/pages\/759\/revisions"}],"predecessor-version":[{"id":1702,"href":"http:\/\/issaproject.eu\/index.php?rest_route=\/wp\/v2\/pages\/759\/revisions\/1702"}],"wp:attachment":[{"href":"http:\/\/issaproject.eu\/index.php?rest_route=%2Fwp%2Fv2%2Fmedia&parent=759"}],"curies":[{"name":"wp","href":"https:\/\/api.w.org\/{rel}","templated":true}]}}