{"id":766,"date":"2020-04-09T11:06:12","date_gmt":"2020-04-09T11:06:12","guid":{"rendered":"http:\/\/issaproject.eu\/?page_id=766"},"modified":"2021-10-25T09:26:14","modified_gmt":"2021-10-25T09:26:14","slug":"plataforma-de-aprendizaje-electronico-moodle-de-issa","status":"publish","type":"page","link":"http:\/\/issaproject.eu\/?page_id=766&lang=es","title":{"rendered":"Plataforma de aprendizaje electr\u00f3nico Moodle de ISSA"},"content":{"rendered":"<p>La plataforma de e-learning se basa en MOODLE, que es una plataforma de aprendizaje dise\u00f1ada para proporcionar a educadores, administradores y alumnos un sistema \u00fanico robusto, seguro e integrado para crear entornos de aprendizaje personalizados.<\/p>\n<p>En la plataforma de e-learning se pueden ver las cuatro competencias para emprendedores sociales como cursos MOODLE individuales del proyecto ISSA. Las cuatro competencias son<\/p>\n<ol>\n<li style=\"list-style-type: none;\">\n<ol>\n<li style=\"list-style-type: none;\">\n<ol>\n<li>B\u00fasqueda de oportunidades<\/li>\n<li>Movilizaci\u00f3n de recursos<\/li>\n<li>Identificar los problemas sociales<\/li>\n<li>Conciencia cultural<\/li>\n<\/ol>\n<\/li>\n<\/ol>\n<\/li>\n<\/ol>\n<p>Cada competencia tiene su respectiva informaci\u00f3n y materiales de aprendizaje de apoyo. A trav\u00e9s de Moodle, el alumno tambi\u00e9n puede conectarse al Mundo Virtual 3D donde puede jugar a los escenarios relacionados. Despu\u00e9s de cubrir los materiales de aprendizaje y jugar el escenario de cada competencia, el alumno puede hacer el test de autoevaluaci\u00f3n para esa competencia espec\u00edfica. Adem\u00e1s de en ingl\u00e9s, la plataforma estar\u00e1 disponible en todos los idiomas de los socios del proyecto: griego, b\u00falgaro, espa\u00f1ol y noruego.<\/p>\n<p>Para acceder al e-learning hay que realizar un paso:<\/p>\n<ul>\n<li style=\"list-style-type: none;\">\n<ul>\n<li style=\"list-style-type: none;\">\n<ul>\n<li>Crear una cuenta en la plataforma de e-learning.<\/li>\n<\/ul>\n<\/li>\n<\/ul>\n<\/li>\n<\/ul>\n<p>Para ello, puedes leer <a href=\"http:\/\/issaproject.eu\/wp-content\/uploads\/2021\/09\/ISSA-E-learning-manual_ES-FINAL-VERSION.pdf\" target=\"_blank\" rel=\"noopener noreferrer\"><strong>el manual<\/strong><\/a>.<\/p>\n<p id=\"yui_3_17_2_1_1612524075428_20\"><b id=\"yui_3_17_2_1_1612524075428_19\">Pasos que debes seguir durante el curso:<\/b><\/p>\n<ol>\n<li style=\"list-style-type: none;\">\n<ol>\n<li style=\"list-style-type: none;\">\n<ol>\n<li>Lee la informaci\u00f3n general del curso<\/li>\n<li>Lee los resultados del aprendizaje<\/li>\n<li>Lee sobre los temas de competencia<\/li>\n<li>Lee el material de aprendizaje adicional (es opcional pero se sugiere encarecidamente)<\/li>\n<li>Sigue el enlace y las instrucciones para conectarse con la Mundo Virtual en 3D y poder jugar el escenario de este m\u00f3dulo. Cuando termines el juego recibir\u00e1s un c\u00f3digo<\/li>\n<li>Toma el c\u00f3digo del escenario y regresa a Moodle. Introduce el c\u00f3digo en la caja que te aparecer\u00e1. S\u00f3lo entonces tendr\u00e1s acceso al cuestionario de auto-evaluaci\u00f3n<\/li>\n<li>Responde las preguntas del cuestionario. Si la tasa de \u00e9xito es del 80% o m\u00e1s, habr\u00e1 completado el curso.<\/li>\n<li>Si la tasa de \u00e9xito del cuestionario es inferior al 80%, puede intentarlo de nuevo.<\/li>\n<li>Tienes que completar todos los m\u00f3dulos para poder finalizar el curso.<\/li>\n<\/ol>\n<\/li>\n<\/ol>\n<\/li>\n<\/ol>\n<p><a href=\"http:\/\/www.cs.ucy.ac.cy\/projects\/issaplatform\/moodle\/?lang=es\" target=\"_blank\" rel=\"noopener noreferrer\"><strong>Haz clic<\/strong><\/a> aqu\u00ed para conectarte a la plataforma de e-learning de ISSA.<\/p>\n<p>&nbsp;<\/p>\n<p><img decoding=\"async\" loading=\"lazy\" class=\"size-large wp-image-1624 aligncenter\" src=\"http:\/\/issaproject.eu\/wp-content\/uploads\/2021\/09\/ee-1024x794.png\" alt=\"\" width=\"1024\" height=\"794\" srcset=\"http:\/\/issaproject.eu\/wp-content\/uploads\/2021\/09\/ee-1024x794.png 1024w, http:\/\/issaproject.eu\/wp-content\/uploads\/2021\/09\/ee-300x233.png 300w, http:\/\/issaproject.eu\/wp-content\/uploads\/2021\/09\/ee-768x596.png 768w, http:\/\/issaproject.eu\/wp-content\/uploads\/2021\/09\/ee.png 1106w\" sizes=\"(max-width: 1024px) 100vw, 1024px\" \/><\/p>\n<p>&nbsp;<\/p>\n","protected":false},"excerpt":{"rendered":"<p>La plataforma de e-learning se basa en MOODLE, que es una plataforma de aprendizaje dise\u00f1ada para proporcionar a educadores, administradores y alumnos un sistema \u00fanico robusto, seguro e integrado para crear entornos de aprendizaje personalizados. En la plataforma de e-learning se pueden ver las cuatro competencias para emprendedores sociales como cursos MOODLE individuales del proyecto &hellip; <a href=\"http:\/\/issaproject.eu\/?page_id=766&#038;lang=es\" class=\"more-link\">Continue reading <span class=\"screen-reader-text\">Plataforma de aprendizaje electr\u00f3nico Moodle de ISSA<\/span><\/a><\/p>\n","protected":false},"author":1,"featured_media":0,"parent":0,"menu_order":0,"comment_status":"closed","ping_status":"closed","template":"","meta":{"jetpack_post_was_ever_published":false},"jetpack_sharing_enabled":true,"jetpack_shortlink":"https:\/\/wp.me\/PceX4s-cm","_links":{"self":[{"href":"http:\/\/issaproject.eu\/index.php?rest_route=\/wp\/v2\/pages\/766"}],"collection":[{"href":"http:\/\/issaproject.eu\/index.php?rest_route=\/wp\/v2\/pages"}],"about":[{"href":"http:\/\/issaproject.eu\/index.php?rest_route=\/wp\/v2\/types\/page"}],"author":[{"embeddable":true,"href":"http:\/\/issaproject.eu\/index.php?rest_route=\/wp\/v2\/users\/1"}],"replies":[{"embeddable":true,"href":"http:\/\/issaproject.eu\/index.php?rest_route=%2Fwp%2Fv2%2Fcomments&post=766"}],"version-history":[{"count":8,"href":"http:\/\/issaproject.eu\/index.php?rest_route=\/wp\/v2\/pages\/766\/revisions"}],"predecessor-version":[{"id":1674,"href":"http:\/\/issaproject.eu\/index.php?rest_route=\/wp\/v2\/pages\/766\/revisions\/1674"}],"wp:attachment":[{"href":"http:\/\/issaproject.eu\/index.php?rest_route=%2Fwp%2Fv2%2Fmedia&parent=766"}],"curies":[{"name":"wp","href":"https:\/\/api.w.org\/{rel}","templated":true}]}}