{"id":769,"date":"2020-04-09T11:10:11","date_gmt":"2020-04-09T11:10:11","guid":{"rendered":"http:\/\/issaproject.eu\/?page_id=769"},"modified":"2021-10-25T09:51:44","modified_gmt":"2021-10-25T09:51:44","slug":"mundo-virtual-de-issa","status":"publish","type":"page","link":"http:\/\/issaproject.eu\/?page_id=769&lang=bg","title":{"rendered":"Mundo virtual de ISSA"},"content":{"rendered":"<p>Aqu\u00ed podr\u00e1s practicar lo que has aprendido en Moodle. El entorno de aprendizaje del mundo virtual de ISSA te facilitar\u00e1 probar c\u00f3mo se pueden aplicar los conceptos clave de los m\u00f3dulos en situaciones realistas. Esta pr\u00e1ctica completar\u00e1 su experiencia de aprendizaje general y, a continuaci\u00f3n, podr\u00e1s pasar a la fase final que consiste en responder al test de autoevaluaci\u00f3n de cada m\u00f3dulo.<\/p>\n<p>Aqu\u00ed pondr\u00e1s en pr\u00e1ctica los escenarios relacionados con los m\u00f3dulos correspondientes de ISSA Moodle:<\/p>\n<table>\n<tbody>\n<tr>\n<td width=\"277\"><strong>ESCENARIO: CONCIENCIA CULTURAL <\/strong><\/td>\n<td width=\"277\">Tendr\u00e1 lugar en el interior de una cafeter\u00eda. Tendr\u00e1s que analizar la situaci\u00f3n y el significado real de la conciencia cultural y recoger una visi\u00f3n m\u00e1s realista de la situaci\u00f3n<\/td>\n<\/tr>\n<tr>\n<td width=\"277\"><strong>ESCENARIO: MOVILIZACI\u00d3N DE RECURSOS<\/strong><\/p>\n<p>&nbsp;<\/td>\n<td width=\"277\">Tendr\u00e1 lugar dentro de una empresa social llamada WeRcakes Ltd. Aqu\u00ed tendr\u00e1s que demostrar que eres consciente de los recursos con los que cuentas, y cu\u00e1l puede ser la mejor forma de movilizar dichos recursos para sacar el m\u00e1ximo partido a la experiencia de internacionalizaci\u00f3n.<\/td>\n<\/tr>\n<tr>\n<td width=\"277\"><strong>ESCENARIO: IDENTIFICAR LOS PROBLEMAS SOCIALES<\/strong><\/td>\n<td width=\"277\">Tendr\u00e1 lugar dentro de una empresa social llamada ECORAISE. En ella tendr\u00e1s que responder a preguntas sobre problemas sociales de diferentes sociedades en distintos pa\u00edses.<\/td>\n<\/tr>\n<tr>\n<td width=\"277\"><strong>ESCENARIO: B\u00daSQUEDA DE OPORTUNIDADES<\/strong><\/p>\n<p><strong>\u00a0<\/strong><\/td>\n<td width=\"277\">Tendr\u00e1 lugar dentro de una casa, tu casa. En este escenario eres un emprendedor social que est\u00e1 comenzando su negocio pero a\u00fan perfeccionando su idea por lo que est\u00e1s trabajando desde casa. Tienes que aprender a detectar oportunidades que puedan contribuir a alcanzar tus objetivos.<\/td>\n<\/tr>\n<\/tbody>\n<\/table>\n<p>Para acceder a los escenarios, hay que realizar 2 pasos:<\/p>\n<ol>\n<li style=\"list-style-type: none;\">\n<ol>\n<li>debes descargar e instalar el visor adecuado para tener acceso al mundo virtual y<\/li>\n<li>tienes que crear tu avatar.<\/li>\n<\/ol>\n<\/li>\n<\/ol>\n<p>Para hacerlo puedes leer este <strong><a href=\"http:\/\/issaproject.eu\/wp-content\/uploads\/2021\/09\/ISSA-Platform-manual_v2_ES.pdf\" target=\"_blank\" rel=\"noopener noreferrer\">manual<\/a> <\/strong>Y ver este <a href=\"https:\/\/www.youtube.com\/watch?v=uiWW0hjuH0k&amp;ab_channel=ISSAproject\" target=\"_blank\" rel=\"noopener noreferrer\"><strong>video<\/strong><\/a><\/p>\n<p>Recuerda:<\/p>\n<ul>\n<li style=\"list-style-type: none;\">\n<ul>\n<li>Utilizar\u00e1s el nombre de usuario y contrase\u00f1a que ya est\u00e1s usando en el MOODLE de ISSA, pero escribir\u00e1s tu nombre de usuario dos veces para iniciar sesi\u00f3n. Para m\u00e1s informaci\u00f3n, consulta el manual<\/li>\n<li>Es preferible estar ya conectado a ISSA MOODLE para poder introducir f\u00e1cilmente el c\u00f3digo que recibir\u00e1s al completar cada escenario en el campo correspondiente del m\u00f3dulo ISSA MOODLE.<\/li>\n<\/ul>\n<\/li>\n<\/ul>\n<p><img decoding=\"async\" loading=\"lazy\" class=\"alignnone wp-image-319 \" src=\"http:\/\/issaproject.eu\/wp-content\/uploads\/2020\/03\/iconfinder_play_1055007.png\" alt=\"\" width=\"37\" height=\"37\" \/> <a href=\"https:\/\/www.youtube.com\/watch?v=YOR0skwsEqc&amp;ab_channel=ISSAproject\" target=\"_blank\" rel=\"noopener noreferrer\">Video de demostraci\u00f3n<\/a><\/p>\n<p>&nbsp;<\/p>\n<p><img decoding=\"async\" loading=\"lazy\" class=\"aligncenter wp-image-1625 size-large\" src=\"http:\/\/issaproject.eu\/wp-content\/uploads\/2021\/09\/s-1024x897.jpg\" alt=\"\" width=\"1024\" height=\"897\" srcset=\"http:\/\/issaproject.eu\/wp-content\/uploads\/2021\/09\/s-1024x897.jpg 1024w, http:\/\/issaproject.eu\/wp-content\/uploads\/2021\/09\/s-300x263.jpg 300w, http:\/\/issaproject.eu\/wp-content\/uploads\/2021\/09\/s-768x673.jpg 768w, http:\/\/issaproject.eu\/wp-content\/uploads\/2021\/09\/s.jpg 1437w\" sizes=\"(max-width: 1024px) 100vw, 1024px\" \/><\/p>\n<p>&nbsp;<\/p>\n","protected":false},"excerpt":{"rendered":"<p>Aqu\u00ed podr\u00e1s practicar lo que has aprendido en Moodle. El entorno de aprendizaje del mundo virtual de ISSA te facilitar\u00e1 probar c\u00f3mo se pueden aplicar los conceptos clave de los m\u00f3dulos en situaciones realistas. Esta pr\u00e1ctica completar\u00e1 su experiencia de aprendizaje general y, a continuaci\u00f3n, podr\u00e1s pasar a la fase final que consiste en responder &hellip; <a href=\"http:\/\/issaproject.eu\/?page_id=769&#038;lang=bg\" class=\"more-link\">Continue reading <span class=\"screen-reader-text\">Mundo virtual de ISSA<\/span><\/a><\/p>\n","protected":false},"author":1,"featured_media":0,"parent":0,"menu_order":0,"comment_status":"closed","ping_status":"closed","template":"","meta":{"jetpack_post_was_ever_published":false},"jetpack_sharing_enabled":true,"jetpack_shortlink":"https:\/\/wp.me\/PceX4s-cp","_links":{"self":[{"href":"http:\/\/issaproject.eu\/index.php?rest_route=\/wp\/v2\/pages\/769"}],"collection":[{"href":"http:\/\/issaproject.eu\/index.php?rest_route=\/wp\/v2\/pages"}],"about":[{"href":"http:\/\/issaproject.eu\/index.php?rest_route=\/wp\/v2\/types\/page"}],"author":[{"embeddable":true,"href":"http:\/\/issaproject.eu\/index.php?rest_route=\/wp\/v2\/users\/1"}],"replies":[{"embeddable":true,"href":"http:\/\/issaproject.eu\/index.php?rest_route=%2Fwp%2Fv2%2Fcomments&post=769"}],"version-history":[{"count":13,"href":"http:\/\/issaproject.eu\/index.php?rest_route=\/wp\/v2\/pages\/769\/revisions"}],"predecessor-version":[{"id":1689,"href":"http:\/\/issaproject.eu\/index.php?rest_route=\/wp\/v2\/pages\/769\/revisions\/1689"}],"wp:attachment":[{"href":"http:\/\/issaproject.eu\/index.php?rest_route=%2Fwp%2Fv2%2Fmedia&parent=769"}],"curies":[{"name":"wp","href":"https:\/\/api.w.org\/{rel}","templated":true}]}}