{"id":793,"date":"2020-04-09T12:43:42","date_gmt":"2020-04-09T12:43:42","guid":{"rendered":"http:\/\/issaproject.eu\/?page_id=793"},"modified":"2020-04-10T13:14:48","modified_gmt":"2020-04-10T13:14:48","slug":"partnere","status":"publish","type":"page","link":"http:\/\/issaproject.eu\/?page_id=793&lang=nn","title":{"rendered":"Partnere"},"content":{"rendered":"<div style=\"height: 200px; border: 1px solid; margin-bottom: 20px; padding-left: 10px; width: 60%; margin-left: auto; margin-right: auto; padding-right: 10px;\"><a href=\"http:\/\/issaproject.eu\/index.php\/partners\/ntnu-2\/\" rel=\"noopener noreferrer\"><br \/>\n<\/a><a href=\"http:\/\/issaproject.eu\/?page_id=811&amp;lang=nn\" rel=\"noopener noreferrer\"><img decoding=\"async\" loading=\"lazy\" class=\"alignleft wp-image-86\" src=\"https:\/\/www.cs.ucy.ac.cy\/projects\/issa\/wp-content\/uploads\/2019\/12\/ntnu-300x88.png\" alt=\"\" width=\"266\" height=\"78\" srcset=\"http:\/\/issaproject.eu\/wp-content\/uploads\/2019\/12\/ntnu-300x88.png 300w, http:\/\/issaproject.eu\/wp-content\/uploads\/2019\/12\/ntnu.png 417w\" sizes=\"(max-width: 266px) 100vw, 266px\" \/><\/a>L\u00e6r mer om <a href=\"http:\/\/issaproject.eu\/?page_id=811&amp;lang=nn\"><strong>Norges Teknisk- Naturvitenskapelige Universitet &#8211; Prosjektkoordinator<\/strong><\/a><\/div>\n<div style=\"height: 200px; border: 1px solid; margin-bottom: 20px; padding-left: 10px; width: 60%; margin-left: auto; margin-right: auto; padding-right: 10px;\"><a href=\"http:\/\/issaproject.eu\/index.php\/partners\/university-of-cyprus\/\" rel=\"noopener noreferrer\"><br \/>\n<\/a><a href=\"http:\/\/issaproject.eu\/?page_id=818&amp;lang=nn\" rel=\"noopener noreferrer\"><img decoding=\"async\" loading=\"lazy\" class=\"alignleft wp-image-100\" src=\"http:\/\/www.cs.ucy.ac.cy\/projects\/digit\/wp-content\/uploads\/2019\/12\/University_of_Cyprus_en-430x186.jpg\" alt=\"\" width=\"308\" height=\"133\" \/><\/a>L\u00e6r mer om <a href=\"http:\/\/issaproject.eu\/?page_id=818&amp;lang=nn\"><strong>University of Cyprus<\/strong><\/a><\/div>\n<div style=\"height: 200px; border: 1px solid; margin-bottom: 20px; padding-left: 10px; width: 60%; margin-left: auto; margin-right: auto; padding-right: 10px;\"><a href=\"http:\/\/issaproject.eu\/?page_id=807&amp;lang=nn\" rel=\"noopener noreferrer\"><img decoding=\"async\" loading=\"lazy\" class=\"alignleft wp-image-252 size-medium\" src=\"http:\/\/issaproject.eu\/wp-content\/uploads\/2020\/02\/LOGO-FYG-300x203.png\" alt=\"\" width=\"300\" height=\"203\" srcset=\"http:\/\/issaproject.eu\/wp-content\/uploads\/2020\/02\/LOGO-FYG-300x203.png 300w, http:\/\/issaproject.eu\/wp-content\/uploads\/2020\/02\/LOGO-FYG.png 491w\" sizes=\"(max-width: 300px) 100vw, 300px\" \/><\/a><span style=\"text-align: center;\"><br \/>\nL\u00e6r mer om <a href=\"http:\/\/issaproject.eu\/?page_id=807&amp;lang=nn\"><strong>FyG Covsultores<\/strong><\/a><br \/>\n<\/span><\/div>\n<div style=\"height: 200px; border: 1px solid; margin-bottom: 20px; padding-left: 10px; width: 60%; margin-left: auto; margin-right: auto; padding-right: 10px;\"><a href=\"http:\/\/issaproject.eu\/index.php\/partners\/cti-2\/\" rel=\"noopener noreferrer\"><br \/>\n<\/a><a href=\"http:\/\/issaproject.eu\/?page_id=802&amp;lang=nn\" rel=\"noopener noreferrer\"><img decoding=\"async\" loading=\"lazy\" class=\"alignleft wp-image-84\" src=\"https:\/\/www.cs.ucy.ac.cy\/projects\/issa\/wp-content\/uploads\/2019\/12\/cti.png\" alt=\"\" width=\"209\" height=\"145\" \/><\/a><span style=\"text-align: center;\"><br \/>\nL\u00e6r mer om <a href=\"http:\/\/issaproject.eu\/?page_id=802&amp;lang=nn\"><strong>CTI Diophantus<\/strong><\/a><br \/>\n<\/span><\/div>\n<div style=\"height: 200px; border: 1px solid; margin-bottom: 20px; padding-left: 10px; width: 60%; margin-left: auto; margin-right: auto; padding-right: 10px;\"><a href=\"http:\/\/issaproject.eu\/index.php\/partners\/bfe-2\/\" rel=\"noopener noreferrer\"><br \/>\n<\/a><a href=\"http:\/\/issaproject.eu\/?page_id=797&amp;lang=nn\" rel=\"noopener noreferrer\"><img decoding=\"async\" loading=\"lazy\" class=\"alignleft wp-image-83\" src=\"https:\/\/www.cs.ucy.ac.cy\/projects\/issa\/wp-content\/uploads\/2019\/12\/bfe.png\" alt=\"\" width=\"223\" height=\"133\" \/><\/a><span style=\"text-align: center;\"><br \/>\nL\u00e6r mer om <a href=\"http:\/\/issaproject.eu\/?page_id=797&amp;lang=nn\"><strong>Business Foundation of Education<\/strong><\/a><br \/>\n<\/span><\/div>\n","protected":false},"excerpt":{"rendered":"<p>L\u00e6r mer om Norges Teknisk- Naturvitenskapelige Universitet &#8211; Prosjektkoordinator L\u00e6r mer om University of Cyprus L\u00e6r mer om FyG Covsultores L\u00e6r mer om CTI Diophantus L\u00e6r mer om Business Foundation of Education<\/p>\n","protected":false},"author":1,"featured_media":0,"parent":0,"menu_order":0,"comment_status":"closed","ping_status":"closed","template":"","meta":{"jetpack_post_was_ever_published":false},"jetpack_sharing_enabled":true,"jetpack_shortlink":"https:\/\/wp.me\/PceX4s-cN","_links":{"self":[{"href":"http:\/\/issaproject.eu\/index.php?rest_route=\/wp\/v2\/pages\/793"}],"collection":[{"href":"http:\/\/issaproject.eu\/index.php?rest_route=\/wp\/v2\/pages"}],"about":[{"href":"http:\/\/issaproject.eu\/index.php?rest_route=\/wp\/v2\/types\/page"}],"author":[{"embeddable":true,"href":"http:\/\/issaproject.eu\/index.php?rest_route=\/wp\/v2\/users\/1"}],"replies":[{"embeddable":true,"href":"http:\/\/issaproject.eu\/index.php?rest_route=%2Fwp%2Fv2%2Fcomments&post=793"}],"version-history":[{"count":10,"href":"http:\/\/issaproject.eu\/index.php?rest_route=\/wp\/v2\/pages\/793\/revisions"}],"predecessor-version":[{"id":909,"href":"http:\/\/issaproject.eu\/index.php?rest_route=\/wp\/v2\/pages\/793\/revisions\/909"}],"wp:attachment":[{"href":"http:\/\/issaproject.eu\/index.php?rest_route=%2Fwp%2Fv2%2Fmedia&parent=793"}],"curies":[{"name":"wp","href":"https:\/\/api.w.org\/{rel}","templated":true}]}}