{"id":797,"date":"2020-04-09T12:51:00","date_gmt":"2020-04-09T12:51:00","guid":{"rendered":"http:\/\/issaproject.eu\/?page_id=797"},"modified":"2020-04-09T12:54:09","modified_gmt":"2020-04-09T12:54:09","slug":"bfe","status":"publish","type":"page","link":"http:\/\/issaproject.eu\/?page_id=797&lang=nn","title":{"rendered":"BFE"},"content":{"rendered":"<div class=\"responsive-tabs\">\n<h2 class=\"tabtitle\">Om<\/h2>\n<div class=\"tabcontent\">\n\n<p><img decoding=\"async\" loading=\"lazy\" class=\"alignnone size-full wp-image-250\" src=\"https:\/\/www.cs.ucy.ac.cy\/projects\/issa\/wp-content\/uploads\/2020\/02\/bfe.png\" alt=\"\" width=\"273\" height=\"163\" \/><\/p>\n<p>Business Foundation for Education (BFE) er en bulgarsk ideell organisasjon. Organisasjonens oppgave er \u00e5 legge til rette for utvikling av sivilsamfunnet gjennom initiativer som forbedrer menneskelige ressursers konkurranseevne og bidrar til \u00f8konomisk utvikling og velstand. For \u00e5 n\u00e5 m\u00e5lene implementerer stiftelsen en rekke prosjekter med fokus p\u00e5 livslang l\u00e6ring, veiledningsr\u00e5dgivning, sysselsettings- og sosialpolitikk, yrkesfaglig utdanning og ungdomsarbeid.<\/p>\n<p>Organisasjonen er en anerkjent akt\u00f8r innen karriereveiledning i Bulgaria og er en ivrig promot\u00f8r for veiledningsfaget. Organisasjonens initiativ bidrar til \u00e5 bevisstgj\u00f8re beslutningstakere, utdanningseksperter, arbeidsgivere, rektorer og allmennheten om fordelene ved livslang veiledning for alle generasjoner. BFE kapitaliserer p\u00e5 arbeidskapasiteten og fortsetter innsatsen til det vellykkede arbeidsmarkedsprosjektet USAID, rettet mot \u00e5 styrke utviklingen av konkurranseevnen i arbeidsstyrken i Bulgaria og i utlandet.<\/p>\n\n<\/div><h2 class=\"tabtitle\">Kontakt<\/h2>\n<div class=\"tabcontent\">\n\n<p><strong>Business Foundation for Education<\/strong><br \/>\nGerganaAndreeva<br \/>\n<a href=\"mailto:grakovska@fbo.bg\">grakovska@fbo.bg<\/a><br \/>\n+359878577548<br \/>\n<a href=\"http:\/\/www.fbo.bg\">www.fbo.bg<\/a><\/p>\n<\/div><\/div>\n","protected":false},"excerpt":{"rendered":"<p>Business Foundation for Education (BFE) er en bulgarsk ideell organisasjon. Organisasjonens oppgave er \u00e5 legge til rette for utvikling av sivilsamfunnet gjennom initiativer som forbedrer menneskelige ressursers konkurranseevne og bidrar til \u00f8konomisk utvikling og velstand. For \u00e5 n\u00e5 m\u00e5lene implementerer stiftelsen en rekke prosjekter med fokus p\u00e5 livslang l\u00e6ring, veiledningsr\u00e5dgivning, sysselsettings- og sosialpolitikk, yrkesfaglig utdanning &hellip; <a href=\"http:\/\/issaproject.eu\/?page_id=797&#038;lang=nn\" class=\"more-link\">Continue reading <span class=\"screen-reader-text\">BFE<\/span><\/a><\/p>\n","protected":false},"author":1,"featured_media":250,"parent":793,"menu_order":0,"comment_status":"closed","ping_status":"closed","template":"","meta":{"jetpack_post_was_ever_published":false},"jetpack_sharing_enabled":true,"jetpack_shortlink":"https:\/\/wp.me\/PceX4s-cR","_links":{"self":[{"href":"http:\/\/issaproject.eu\/index.php?rest_route=\/wp\/v2\/pages\/797"}],"collection":[{"href":"http:\/\/issaproject.eu\/index.php?rest_route=\/wp\/v2\/pages"}],"about":[{"href":"http:\/\/issaproject.eu\/index.php?rest_route=\/wp\/v2\/types\/page"}],"author":[{"embeddable":true,"href":"http:\/\/issaproject.eu\/index.php?rest_route=\/wp\/v2\/users\/1"}],"replies":[{"embeddable":true,"href":"http:\/\/issaproject.eu\/index.php?rest_route=%2Fwp%2Fv2%2Fcomments&post=797"}],"version-history":[{"count":3,"href":"http:\/\/issaproject.eu\/index.php?rest_route=\/wp\/v2\/pages\/797\/revisions"}],"predecessor-version":[{"id":800,"href":"http:\/\/issaproject.eu\/index.php?rest_route=\/wp\/v2\/pages\/797\/revisions\/800"}],"up":[{"embeddable":true,"href":"http:\/\/issaproject.eu\/index.php?rest_route=\/wp\/v2\/pages\/793"}],"wp:featuredmedia":[{"embeddable":true,"href":"http:\/\/issaproject.eu\/index.php?rest_route=\/wp\/v2\/media\/250"}],"wp:attachment":[{"href":"http:\/\/issaproject.eu\/index.php?rest_route=%2Fwp%2Fv2%2Fmedia&parent=797"}],"curies":[{"name":"wp","href":"https:\/\/api.w.org\/{rel}","templated":true}]}}