{"id":802,"date":"2020-04-09T12:55:17","date_gmt":"2020-04-09T12:55:17","guid":{"rendered":"http:\/\/issaproject.eu\/?page_id=802"},"modified":"2020-04-09T13:02:34","modified_gmt":"2020-04-09T13:02:34","slug":"cti","status":"publish","type":"page","link":"http:\/\/issaproject.eu\/?page_id=802&lang=nn","title":{"rendered":"CTI"},"content":{"rendered":"<div class=\"responsive-tabs\">\n<h2 class=\"tabtitle\">Om<\/h2>\n<div class=\"tabcontent\">\n\n<p><img decoding=\"async\" loading=\"lazy\" class=\"alignnone size-full wp-image-257\" src=\"https:\/\/www.cs.ucy.ac.cy\/projects\/issa\/wp-content\/uploads\/2020\/02\/cti.png\" alt=\"\" width=\"238\" height=\"165\" \/><\/p>\n<p>Computer Technology Institute and Press &#8220;Diophantus&#8221; er en forsknings- og teknologiorganisasjon som fokuserer p\u00e5 forskning og utvikling innen informasjons- og kommunikasjonsteknologi (IKT).<br \/>\nDet legges spesiell vekt p\u00e5 utdanning ved \u00e5 utvikle og distribuere konvensjonelle og digitale medier innen utdanning og livslang l\u00e6ring; publisering av trykt og elektronisk l\u00e6remateriell; administrere og administrere det greske skolens nettverk; samt \u00e5 st\u00f8tte organiseringen og driften av den elektroniske infrastrukturen til det greske departementet for utdanning og religioner i tillegg til alle utdanningsenheter.<br \/>\nSiden etableringen i 1985 og gjennom de siste ti\u00e5rene med rask teknologisk utvikling, har CTI aktivt bidratt til mange av de fremskritt som i dag er tatt for gitt.<\/p>\n<p>Alle organisasjonens aktiviteter utf\u00f8res gjennom enheten Operative Production Units (Research Units and Directories Directorates) og st\u00f8ttes av tjenestene til Operational Support Units.<br \/>\nI ISSA-prosjektet deltar CTI gjennom Directorate of Telematics and Applications for Regional Development.<br \/>\nDirectorate of Telematics and Applications for Regional Development (forkortet &#8220;Telematics Center&#8221;) hos CTI &#8220;DIOPHANTUS&#8221; COMPUTER TECHNOLOGY INSTITUTE &amp; PRESS, ble opprettet med et m\u00e5l om \u00e5 styrke regional utvikling gjennom effektiv bruk av ny informasjonsteknologi for regionene underlagt instituttet.<\/p>\n\n<\/div><h2 class=\"tabtitle\">Kontakt<\/h2>\n<div class=\"tabcontent\">\n\n<p><strong>CTI Diophantus <\/strong><br \/>\nProfessor Michalis Xenos<br \/>\nxenos@ceid.upatras.gr<br \/>\n+30 2610 996944<\/p>\n<\/div><\/div>\n","protected":false},"excerpt":{"rendered":"<p>Computer Technology Institute and Press &#8220;Diophantus&#8221; er en forsknings- og teknologiorganisasjon som fokuserer p\u00e5 forskning og utvikling innen informasjons- og kommunikasjonsteknologi (IKT). Det legges spesiell vekt p\u00e5 utdanning ved \u00e5 utvikle og distribuere konvensjonelle og digitale medier innen utdanning og livslang l\u00e6ring; publisering av trykt og elektronisk l\u00e6remateriell; administrere og administrere det greske skolens nettverk; &hellip; <a href=\"http:\/\/issaproject.eu\/?page_id=802&#038;lang=nn\" class=\"more-link\">Continue reading <span class=\"screen-reader-text\">CTI<\/span><\/a><\/p>\n","protected":false},"author":1,"featured_media":257,"parent":793,"menu_order":0,"comment_status":"closed","ping_status":"closed","template":"","meta":{"jetpack_post_was_ever_published":false},"jetpack_sharing_enabled":true,"jetpack_shortlink":"https:\/\/wp.me\/PceX4s-cW","_links":{"self":[{"href":"http:\/\/issaproject.eu\/index.php?rest_route=\/wp\/v2\/pages\/802"}],"collection":[{"href":"http:\/\/issaproject.eu\/index.php?rest_route=\/wp\/v2\/pages"}],"about":[{"href":"http:\/\/issaproject.eu\/index.php?rest_route=\/wp\/v2\/types\/page"}],"author":[{"embeddable":true,"href":"http:\/\/issaproject.eu\/index.php?rest_route=\/wp\/v2\/users\/1"}],"replies":[{"embeddable":true,"href":"http:\/\/issaproject.eu\/index.php?rest_route=%2Fwp%2Fv2%2Fcomments&post=802"}],"version-history":[{"count":4,"href":"http:\/\/issaproject.eu\/index.php?rest_route=\/wp\/v2\/pages\/802\/revisions"}],"predecessor-version":[{"id":806,"href":"http:\/\/issaproject.eu\/index.php?rest_route=\/wp\/v2\/pages\/802\/revisions\/806"}],"up":[{"embeddable":true,"href":"http:\/\/issaproject.eu\/index.php?rest_route=\/wp\/v2\/pages\/793"}],"wp:featuredmedia":[{"embeddable":true,"href":"http:\/\/issaproject.eu\/index.php?rest_route=\/wp\/v2\/media\/257"}],"wp:attachment":[{"href":"http:\/\/issaproject.eu\/index.php?rest_route=%2Fwp%2Fv2%2Fmedia&parent=802"}],"curies":[{"name":"wp","href":"https:\/\/api.w.org\/{rel}","templated":true}]}}