{"id":811,"date":"2020-04-09T13:11:04","date_gmt":"2020-04-09T13:11:04","guid":{"rendered":"http:\/\/issaproject.eu\/?page_id=811"},"modified":"2020-04-09T13:21:28","modified_gmt":"2020-04-09T13:21:28","slug":"ntnu","status":"publish","type":"page","link":"http:\/\/issaproject.eu\/?page_id=811&lang=nn","title":{"rendered":"NTNU"},"content":{"rendered":"<div class=\"responsive-tabs\">\n<h2 class=\"tabtitle\">Om<\/h2>\n<div class=\"tabcontent\">\n\n<p><span style=\"color: #000000;\"><img decoding=\"async\" loading=\"lazy\" class=\"alignnone size-medium wp-image-262\" src=\"https:\/\/www.cs.ucy.ac.cy\/projects\/issa\/wp-content\/uploads\/2020\/02\/hovedlogo_eng-300x99.png\" alt=\"\" width=\"300\" height=\"99\" srcset=\"http:\/\/issaproject.eu\/wp-content\/uploads\/2020\/02\/hovedlogo_eng-300x99.png 300w, http:\/\/issaproject.eu\/wp-content\/uploads\/2020\/02\/hovedlogo_eng-1024x339.png 1024w, http:\/\/issaproject.eu\/wp-content\/uploads\/2020\/02\/hovedlogo_eng-768x254.png 768w, http:\/\/issaproject.eu\/wp-content\/uploads\/2020\/02\/hovedlogo_eng-1536x508.png 1536w, http:\/\/issaproject.eu\/wp-content\/uploads\/2020\/02\/hovedlogo_eng.png 1772w\" sizes=\"(max-width: 300px) 100vw, 300px\" \/><\/span><\/p>\n<p>Ved NTNU \u2013 Norges teknisk-naturvitenskapelige universitet skapes kunnskap for en bedre verden og l\u00f8sninger som kan forandre hverdagen.<\/p>\n<p>NTNU er et internasjonalt orientert universitet med hovedsete i Trondheim og campuser i Gj\u00f8vik og \u00c5lesund. NTNU har en teknisk-naturvitenskapelig hovedprofil, en rekke profesjonsutdanninger og en stor faglig bredde som ogs\u00e5 inkluderer humaniora, samfunnsvitenskap, \u00f8konomi, medisin, helsevitenskap, utdanningsvitenskap, arkitektur, entrepren\u00f8rskap, kunstfag og kunstnerisk virksomhet.<\/p>\n<p>NTNU har \u00e5tte fakultet, vitenskapsmuseum og universitetsbibliotek, 42 000 studenter og 7600 \u00e5rsverk (ansatte).<\/p>\n<p>NTNU satser p\u00e5 innovativ utdanning, spesielt \u00f8kt bruk av studentaktive l\u00e6ringsformer og digitalisering.<\/p>\n<p>NTNU har fire tematiske satsingsomr\u00e5der for forskning i 2014\u20132023 innen b\u00e6rekraft, energi, havrom og helse. Universitetet er i tillegg vertskap eller partner for 35 st\u00f8rre forskningssentra.<\/p>\n<p>NTNU har om lag 9 prosent utenlandske studenter og et bredt internasjonalt nettverk. Det finnes eget NTNU-kontor i Brussel (sammen med Universitetet i Bergen og SINTEF).<\/p>\n\n<\/div><h2 class=\"tabtitle\">Kontakt<\/h2>\n<div class=\"tabcontent\">\n\n<p><span style=\"color: #000000;\">NTNU \u2013 Norges Teknisk- Naturvitenskapelige Universitet<br \/>\nAdresse: H\u00f8gskoleringen 1, 7491 Trondheim, Norway<br \/>\n<a href=\"http:\/\/www.ntnu.edu\">Nettside: www.ntnu.edu<\/a><br \/>\nKontaktperson: Torgeir Aadland<br \/>\n<a href=\"mailto:torgeir.aadland@ntnu.no\">Epost: torgeir.aadland@ntnu.no<\/a><br \/>\n<\/span><\/p>\n<\/div><\/div>\n","protected":false},"excerpt":{"rendered":"<p>Ved NTNU \u2013 Norges teknisk-naturvitenskapelige universitet skapes kunnskap for en bedre verden og l\u00f8sninger som kan forandre hverdagen. NTNU er et internasjonalt orientert universitet med hovedsete i Trondheim og campuser i Gj\u00f8vik og \u00c5lesund. NTNU har en teknisk-naturvitenskapelig hovedprofil, en rekke profesjonsutdanninger og en stor faglig bredde som ogs\u00e5 inkluderer humaniora, samfunnsvitenskap, \u00f8konomi, medisin, helsevitenskap, &hellip; <a href=\"http:\/\/issaproject.eu\/?page_id=811&#038;lang=nn\" class=\"more-link\">Continue reading <span class=\"screen-reader-text\">NTNU<\/span><\/a><\/p>\n","protected":false},"author":1,"featured_media":262,"parent":793,"menu_order":0,"comment_status":"closed","ping_status":"closed","template":"","meta":{"jetpack_post_was_ever_published":false},"jetpack_sharing_enabled":true,"jetpack_shortlink":"https:\/\/wp.me\/PceX4s-d5","_links":{"self":[{"href":"http:\/\/issaproject.eu\/index.php?rest_route=\/wp\/v2\/pages\/811"}],"collection":[{"href":"http:\/\/issaproject.eu\/index.php?rest_route=\/wp\/v2\/pages"}],"about":[{"href":"http:\/\/issaproject.eu\/index.php?rest_route=\/wp\/v2\/types\/page"}],"author":[{"embeddable":true,"href":"http:\/\/issaproject.eu\/index.php?rest_route=\/wp\/v2\/users\/1"}],"replies":[{"embeddable":true,"href":"http:\/\/issaproject.eu\/index.php?rest_route=%2Fwp%2Fv2%2Fcomments&post=811"}],"version-history":[{"count":4,"href":"http:\/\/issaproject.eu\/index.php?rest_route=\/wp\/v2\/pages\/811\/revisions"}],"predecessor-version":[{"id":817,"href":"http:\/\/issaproject.eu\/index.php?rest_route=\/wp\/v2\/pages\/811\/revisions\/817"}],"up":[{"embeddable":true,"href":"http:\/\/issaproject.eu\/index.php?rest_route=\/wp\/v2\/pages\/793"}],"wp:featuredmedia":[{"embeddable":true,"href":"http:\/\/issaproject.eu\/index.php?rest_route=\/wp\/v2\/media\/262"}],"wp:attachment":[{"href":"http:\/\/issaproject.eu\/index.php?rest_route=%2Fwp%2Fv2%2Fmedia&parent=811"}],"curies":[{"name":"wp","href":"https:\/\/api.w.org\/{rel}","templated":true}]}}