{"id":818,"date":"2020-04-09T13:22:11","date_gmt":"2020-04-09T13:22:11","guid":{"rendered":"http:\/\/issaproject.eu\/?page_id=818"},"modified":"2020-04-09T13:23:33","modified_gmt":"2020-04-09T13:23:33","slug":"ucy","status":"publish","type":"page","link":"http:\/\/issaproject.eu\/?page_id=818&lang=nn","title":{"rendered":"UCY"},"content":{"rendered":"<div class=\"responsive-tabs\">\n<h2 class=\"tabtitle\">Om<\/h2>\n<div class=\"tabcontent\">\n\n<p><img decoding=\"async\" loading=\"lazy\" class=\"alignnone size-medium wp-image-242\" src=\"https:\/\/www.cs.ucy.ac.cy\/projects\/issa\/wp-content\/uploads\/2020\/02\/SEIT-UCY-300x143.jpg\" alt=\"\" width=\"300\" height=\"143\" srcset=\"http:\/\/issaproject.eu\/wp-content\/uploads\/2020\/02\/SEIT-UCY-300x143.jpg 300w, http:\/\/issaproject.eu\/wp-content\/uploads\/2020\/02\/SEIT-UCY-1024x489.jpg 1024w, http:\/\/issaproject.eu\/wp-content\/uploads\/2020\/02\/SEIT-UCY-768x367.jpg 768w, http:\/\/issaproject.eu\/wp-content\/uploads\/2020\/02\/SEIT-UCY.jpg 1110w\" sizes=\"(max-width: 300px) 100vw, 300px\" \/><\/p>\n<p>Universitetet p\u00e5 Kypros deltar i ISSA-prosjektet gjennom Software Engineering and Internet Technologies (SEIT) Laboratory, en enhet av Institutt for informatikk. SEIT fokuserer sin forskningsaktivitet p\u00e5 to viktige omr\u00e5der innen informasjonsteknologi: programvareteknikk og Internett-teknologier. I sistnevnte konsentrerer laboratoriet seg om utvikling av IKT-aktivert kreativitet og forbedrede l\u00e6ringsmilj\u00f8er, plattformer og verkt\u00f8y for implementering av helsetilsyn og st\u00f8ttetjenester, smarte og tilpassede tjenester for eldre, samt hjelpemidler for mennesker med funksjonshemninger. SEIT har lang erfaring innen anvendelse av IKT (informasjons- og kommunikasjonsteknologi) til e-l\u00e6ring, m-l\u00e6ring, gratis fjernundervisning generelt, samt livslang l\u00e6ring spesielt. Denne kompetansen er b\u00e5de p\u00e5 teknisk niv\u00e5 og ved \u00e5 utvikle retningslinjer og kvalifikasjonsrammer for slike aktiviteter. N\u00e5r det gjelder Erasmus+-relaterte temaer, har SEIT nylig koordinert fire Erasmus +-prosjekter (VeLoCiTy, World-of-Physics, DiFens, IDEA) og koordinerer for tiden ett Erasmus+-prosjekt: WINGS (startet i 2018). I tillegg deltar SEIT i ytterligere 14 prosjekter: EASIER, EPUM, ELSE, AT-SGIRES, SENSE, WINDEXT, Dig-It, ISSA, ICT-4TVET, TOOLS, PRIMAE, QHELP, Digi-Sporting og Job-Jo. SEIT har ogs\u00e5 deltatt i 13 Leonardo da Vinci-prosjekter, 3 EUMEDIS-prosjekter, 2 FP (rammeprogrammer), 1 INCO-DC og 3 prosjekter finansiert gjennom nasjonale midler. Det har ogs\u00e5 deltatt i EMUNI-prosjektet og VUSCC-initiativet, b\u00e5de relatert til politisk beslutning eller kvalifikasjonsakkreditering, samt i Interreg IVC-prosjektet Innofun, som handlet om \u00e5 utvikle retningslinjer innen entrepren\u00f8rskap og innovasjon. SEIT deltar for tiden i to AAL-prosjekter: eSticky og GUIDed, og i ett nasjonalt prosjekt: ReaDI-STANCE.<\/p>\n\n<\/div><h2 class=\"tabtitle\">Kontakt<\/h2>\n<div class=\"tabcontent\">\n\n<p><strong>University of Cyprus<\/strong><br \/>\nProfessor\u00a0George A. Papadopoulos<br \/>\n<a href=\"mailto:george@cs.ucy.ac.cy\">george@cs.ucy.ac.cy<\/a><br \/>\n<a href=\"https:\/\/www.ucy.ac.cy\/en\/\">https:\/\/www.ucy.ac.cy\/en\/<\/a><br \/>\n+357 22892693<\/p>\n<\/div><\/div>\n","protected":false},"excerpt":{"rendered":"<p>Universitetet p\u00e5 Kypros deltar i ISSA-prosjektet gjennom Software Engineering and Internet Technologies (SEIT) Laboratory, en enhet av Institutt for informatikk. SEIT fokuserer sin forskningsaktivitet p\u00e5 to viktige omr\u00e5der innen informasjonsteknologi: programvareteknikk og Internett-teknologier. I sistnevnte konsentrerer laboratoriet seg om utvikling av IKT-aktivert kreativitet og forbedrede l\u00e6ringsmilj\u00f8er, plattformer og verkt\u00f8y for implementering av helsetilsyn og st\u00f8ttetjenester, &hellip; <a href=\"http:\/\/issaproject.eu\/?page_id=818&#038;lang=nn\" class=\"more-link\">Continue reading <span class=\"screen-reader-text\">UCY<\/span><\/a><\/p>\n","protected":false},"author":1,"featured_media":242,"parent":793,"menu_order":0,"comment_status":"closed","ping_status":"closed","template":"","meta":{"jetpack_post_was_ever_published":false},"jetpack_sharing_enabled":true,"jetpack_shortlink":"https:\/\/wp.me\/PceX4s-dc","_links":{"self":[{"href":"http:\/\/issaproject.eu\/index.php?rest_route=\/wp\/v2\/pages\/818"}],"collection":[{"href":"http:\/\/issaproject.eu\/index.php?rest_route=\/wp\/v2\/pages"}],"about":[{"href":"http:\/\/issaproject.eu\/index.php?rest_route=\/wp\/v2\/types\/page"}],"author":[{"embeddable":true,"href":"http:\/\/issaproject.eu\/index.php?rest_route=\/wp\/v2\/users\/1"}],"replies":[{"embeddable":true,"href":"http:\/\/issaproject.eu\/index.php?rest_route=%2Fwp%2Fv2%2Fcomments&post=818"}],"version-history":[{"count":3,"href":"http:\/\/issaproject.eu\/index.php?rest_route=\/wp\/v2\/pages\/818\/revisions"}],"predecessor-version":[{"id":821,"href":"http:\/\/issaproject.eu\/index.php?rest_route=\/wp\/v2\/pages\/818\/revisions\/821"}],"up":[{"embeddable":true,"href":"http:\/\/issaproject.eu\/index.php?rest_route=\/wp\/v2\/pages\/793"}],"wp:featuredmedia":[{"embeddable":true,"href":"http:\/\/issaproject.eu\/index.php?rest_route=\/wp\/v2\/media\/242"}],"wp:attachment":[{"href":"http:\/\/issaproject.eu\/index.php?rest_route=%2Fwp%2Fv2%2Fmedia&parent=818"}],"curies":[{"name":"wp","href":"https:\/\/api.w.org\/{rel}","templated":true}]}}