{"id":822,"date":"2020-04-09T14:03:17","date_gmt":"2020-04-09T14:03:17","guid":{"rendered":"http:\/\/issaproject.eu\/?page_id=822"},"modified":"2021-12-09T11:10:49","modified_gmt":"2021-12-09T11:10:49","slug":"om","status":"publish","type":"page","link":"http:\/\/issaproject.eu\/?page_id=822&lang=nn","title":{"rendered":"Om"},"content":{"rendered":"<div class=\"responsive-tabs\">\n<h2 class=\"tabtitle\">M\u00e5lsetning<\/h2>\n<div class=\"tabcontent\">\n\n<p><img decoding=\"async\" loading=\"lazy\" class=\" wp-image-295 alignleft\" src=\"http:\/\/issaproject.eu\/wp-content\/uploads\/2020\/02\/iconfinder_vector_65_15_473803-300x300.png\" alt=\"\" width=\"133\" height=\"133\" srcset=\"http:\/\/issaproject.eu\/wp-content\/uploads\/2020\/02\/iconfinder_vector_65_15_473803-300x300.png 300w, http:\/\/issaproject.eu\/wp-content\/uploads\/2020\/02\/iconfinder_vector_65_15_473803-150x150.png 150w, http:\/\/issaproject.eu\/wp-content\/uploads\/2020\/02\/iconfinder_vector_65_15_473803.png 512w\" sizes=\"(max-width: 133px) 100vw, 133px\" \/><\/p>\n<p>ISSA-prosjektet, &#8220;Internasjonalisering for sosiale og innovative oppstartbedrifter og entrepren\u00f8rer&#8221;, er designet for \u00e5 identifisere sentrale og innovative l\u00e6remetoder som legger til rette for suksess i internasjonale aktiviteter for sosiale oppstartbedrifter og entrepren\u00f8rer. Prosjektet er basert p\u00e5 tidligere prosjekter (SUC, oppstartmilj\u00f8er; SUI, internasjonalisering av oppstartbedrifter), men g\u00e5r et steg videre i \u00e5 promotere internasjonalisering og utvikling av sosiale oppstartbedrifter og entrepren\u00f8rer.<\/p>\n<p>&nbsp;<\/p>\n\n<\/div><h2 class=\"tabtitle\">Leveranse 1<\/h2>\n<div class=\"tabcontent\">\n\n<p><strong>ISSA-kompetanser, l\u00e6ringsmoduler og -scenarioer &#8211; Sosiale entrepren\u00f8rer og oppstartbedrifter som g\u00e5r internasjonalt<\/strong><\/p>\n<p><img decoding=\"async\" loading=\"lazy\" class=\"wp-image-303 alignleft\" src=\"http:\/\/issaproject.eu\/wp-content\/uploads\/2020\/02\/iconfinder_training_2639934-300x300.png\" alt=\"\" width=\"164\" height=\"164\" srcset=\"http:\/\/issaproject.eu\/wp-content\/uploads\/2020\/02\/iconfinder_training_2639934-300x300.png 300w, http:\/\/issaproject.eu\/wp-content\/uploads\/2020\/02\/iconfinder_training_2639934-150x150.png 150w, http:\/\/issaproject.eu\/wp-content\/uploads\/2020\/02\/iconfinder_training_2639934.png 512w\" sizes=\"(max-width: 164px) 100vw, 164px\" \/><\/p>\n<p>M\u00e5let er \u00e5 lage en selvtreningspakke som utdanner sosiale entrepren\u00f8rer til internasjonalisering av sosiale virksomheter. Selvtreningspakken vil v\u00e6re basert p\u00e5 kompetanser valgt i forhold til ENTRE-COMP (The Entrepreneurship Competence Framework, et rammeverk for felles forst\u00e5else av entrepren\u00f8rskapskompetanser) og internasjonaliseringsaktiviteter for \u00e5 sikre at den passer til sosiale virksomheter i deres vei til internasjonalisering. Selvtreningspakken vil ogs\u00e5 omfatte tester for egenvurdering for \u00e5 ytterligere forbedre l\u00e6ringsopplevelsen.<\/p>\n<p>&nbsp;<\/p>\n<p style=\"text-align: left;\"><strong>Leveranser<\/strong>:<\/p>\n<p style=\"text-align: left;\"><img decoding=\"async\" loading=\"lazy\" class=\"alignnone wp-image-315\" src=\"http:\/\/issaproject.eu\/wp-content\/uploads\/2020\/03\/acrobatpdf-300x264.jpg\" alt=\"\" width=\"39\" height=\"34\" \/> Sp\u00f8rreskjema for feltunders\u00f8kelse <em><strong><em><a href=\"http:\/\/issaproject.eu\/wp-content\/uploads\/2020\/12\/ISSA_Questionaire.pdf\" target=\"_blank\" rel=\"noopener noreferrer\">[Klikk her]<\/a><\/em><\/strong><\/em><\/p>\n<p><img decoding=\"async\" loading=\"lazy\" class=\"alignnone wp-image-315\" src=\"http:\/\/issaproject.eu\/wp-content\/uploads\/2020\/03\/acrobatpdf-300x264.jpg\" alt=\"\" width=\"39\" height=\"34\" \/> Rapport for feltunders\u00f8kelse <strong><em><em><a href=\"http:\/\/issaproject.eu\/wp-content\/uploads\/2020\/12\/ISSA_Field-Research-Report.pdf\" target=\"_blank\" rel=\"noopener noreferrer\">[Klikk her]<\/a><\/em><\/em><\/strong><\/p>\n<p><img decoding=\"async\" loading=\"lazy\" class=\"alignnone wp-image-315\" src=\"http:\/\/issaproject.eu\/wp-content\/uploads\/2020\/03\/acrobatpdf-300x264.jpg\" alt=\"\" width=\"39\" height=\"34\" \/> Sluttrapport &amp; Definerte kompetanser <em><strong><em><a href=\"http:\/\/issaproject.eu\/wp-content\/uploads\/2020\/12\/ISSA_Competences-NOR.pdf\" target=\"_blank\" rel=\"noopener noreferrer\">[Klikk her]<\/a><\/em><\/strong><\/em><\/p>\n<p><img decoding=\"async\" loading=\"lazy\" class=\"alignnone wp-image-323\" src=\"http:\/\/issaproject.eu\/wp-content\/uploads\/2020\/03\/iconfinder_templates_18461.png\" alt=\"\" width=\"34\" height=\"34\" \/> Maler for selvl\u00e6ringsmoduler <em><strong><em><a href=\"http:\/\/issaproject.eu\/wp-content\/uploads\/2020\/12\/Template-for-self-teaching-modules.pdf\" target=\"_blank\" rel=\"noopener noreferrer\">[Klikk her]<\/a><\/em><\/strong><\/em><\/p>\n<p><img decoding=\"async\" loading=\"lazy\" class=\"alignnone wp-image-323\" src=\"http:\/\/issaproject.eu\/wp-content\/uploads\/2020\/03\/iconfinder_templates_18461.png\" alt=\"\" width=\"34\" height=\"34\" \/> Maler for l\u00e6ringsscenarioer <em><strong><em><a href=\"http:\/\/issaproject.eu\/wp-content\/uploads\/2020\/12\/ISSA-SCENARIO_mobilising-resources_NO.pdf\" target=\"_blank\" rel=\"noopener noreferrer\">[Klikk her]<\/a><\/em><\/strong><\/em><\/p>\n<p><img decoding=\"async\" loading=\"lazy\" class=\"alignnone wp-image-324\" src=\"http:\/\/issaproject.eu\/wp-content\/uploads\/2020\/03\/iconfinder_298_training_course_online_computer_chat_3957626.png\" alt=\"\" width=\"42\" height=\"42\" \/> Moduler og selvtester <strong><em><a href=\"http:\/\/issaproject.eu\/wp-content\/uploads\/2020\/12\/Modules-self-assessment-tests.pdf\" target=\"_blank\" rel=\"noopener noreferrer\">[Klikk her]<\/a><\/em><\/strong><\/p>\n\n<\/div><h2 class=\"tabtitle\">Leveranse 2<\/h2>\n<div class=\"tabcontent\">\n\n<p><strong>ISSA e-l\u00e6ringsplattform<\/strong><\/p>\n<p><img decoding=\"async\" loading=\"lazy\" class=\"wp-image-292 alignleft\" src=\"http:\/\/issaproject.eu\/wp-content\/uploads\/2020\/02\/icons8-moodle-480-300x300.png\" alt=\"\" width=\"167\" height=\"167\" srcset=\"http:\/\/issaproject.eu\/wp-content\/uploads\/2020\/02\/icons8-moodle-480-300x300.png 300w, http:\/\/issaproject.eu\/wp-content\/uploads\/2020\/02\/icons8-moodle-480-150x150.png 150w, http:\/\/issaproject.eu\/wp-content\/uploads\/2020\/02\/icons8-moodle-480.png 480w\" sizes=\"(max-width: 167px) 100vw, 167px\" \/>M\u00e5let er \u00e5 implementere ISSAs e-l\u00e6ringsplattform. Den vil best\u00e5 av en Moodle LMS som skal brukes til \u00e5 v\u00e6re vertskap for l\u00e6ringsinnholdet (l\u00e6ringsmateriell, de relaterte scenariene og selvvurderingspr\u00f8vene). ISSAs e-l\u00e6ringsplattform vil ogs\u00e5 v\u00e6re et rom der oppstartbedrifter og gr\u00fcndere kan m\u00f8tes, kommunisere og dele sine erfaringer og kompetanser om internasjonaliseringssp\u00f8rsm\u00e5l, ekspansjonsplaner, b\u00e6rekraftig og sosialt entrepren\u00f8rskap, og dermed bidra til dannelsen av et fellesskap.<\/p>\n<p>&nbsp;<\/p>\n<p><strong>Leveranser:<\/strong><\/p>\n<p><img decoding=\"async\" loading=\"lazy\" class=\"alignnone wp-image-323\" src=\"http:\/\/issaproject.eu\/wp-content\/uploads\/2020\/03\/iconfinder_templates_18461.png\" alt=\"\" width=\"34\" height=\"34\" \/> Maler for l\u00e6ringsmateriell <em><strong>[<a href=\"http:\/\/issaproject.eu\/wp-content\/uploads\/2021\/05\/ISSA_Educational-content-templates-with-content-included-in-all-partner-languages-Copy.pdf\" target=\"_blank\" rel=\"noopener noreferrer\">Klikk her<\/a>]<\/strong><\/em><\/p>\n<p><img decoding=\"async\" loading=\"lazy\" class=\"alignnone wp-image-321\" src=\"http:\/\/issaproject.eu\/wp-content\/uploads\/2020\/03\/iconfinder_discord_14_5474118.png\" alt=\"\" width=\"42\" height=\"42\" \/> ISSA e-l\u00e6ringsplattform (<a href=\"http:\/\/issaproject.eu\/?page_id=826&amp;lang=nn\" target=\"_blank\" rel=\"noopener noreferrer\">lenke til siden<\/a>)<\/p>\n<p><img decoding=\"async\" loading=\"lazy\" class=\"alignnone wp-image-315\" src=\"http:\/\/issaproject.eu\/wp-content\/uploads\/2020\/03\/acrobatpdf-300x264.jpg\" alt=\"\" width=\"39\" height=\"34\" \/> <a href=\"http:\/\/issaproject.eu\/wp-content\/uploads\/2021\/09\/ISSA-E-learning-manual_NO-FINAL-VERSION.pdf\" target=\"_blank\" rel=\"noopener noreferrer\">Brukermanual<\/a><\/p>\n\n<\/div><h2 class=\"tabtitle\">Leveranse 3<\/h2>\n<div class=\"tabcontent\">\n\n<p><strong>ISSA virtuelt l\u00e6ringsmilj\u00f8<\/strong><\/p>\n<p><img decoding=\"async\" loading=\"lazy\" class=\"wp-image-309 alignleft\" src=\"http:\/\/issaproject.eu\/wp-content\/uploads\/2020\/03\/iconfinder_546_3d_cube_dimensional_modelling_sketch_game_design_development_4168605-300x300.png\" alt=\"\" width=\"151\" height=\"151\" srcset=\"http:\/\/issaproject.eu\/wp-content\/uploads\/2020\/03\/iconfinder_546_3d_cube_dimensional_modelling_sketch_game_design_development_4168605-300x300.png 300w, http:\/\/issaproject.eu\/wp-content\/uploads\/2020\/03\/iconfinder_546_3d_cube_dimensional_modelling_sketch_game_design_development_4168605-150x150.png 150w, http:\/\/issaproject.eu\/wp-content\/uploads\/2020\/03\/iconfinder_546_3d_cube_dimensional_modelling_sketch_game_design_development_4168605.png 512w\" sizes=\"(max-width: 151px) 100vw, 151px\" \/>Her er m\u00e5let \u00e5 produsere det konseptuelle designet og systemarkitekturen til ISSAs Virtuelle Verden (VW), hvor det produserte l\u00e6ringsinnholdet (l\u00e6ringsmateriell, de relaterte scenariene og selvvurderingspr\u00f8vene) fra IO2 blir &#8220;overf\u00f8rt&#8221; til VW gjennom Sloodle (et gratis og \u00e5pent kildekode-prosjekt som integrerer virtuelle flerbrukermilj\u00f8er utviklet i OpenSim med Moodles l\u00e6ringsstyringssystem).<\/p>\n<p>&nbsp;<\/p>\n<p>&nbsp;<\/p>\n<p style=\"text-align: left;\"><strong>Leveranser:<\/strong><\/p>\n<p><img decoding=\"async\" loading=\"lazy\" class=\"alignnone wp-image-315\" src=\"http:\/\/issaproject.eu\/wp-content\/uploads\/2020\/03\/acrobatpdf-300x264-150x150.jpg\" alt=\"\" width=\"39\" height=\"34\" \/> Teknisk rapport <em><strong>[<a href=\"http:\/\/issaproject.eu\/wp-content\/uploads\/2021\/05\/IO3-A1_Technical-specification-3D-VW-Platform_final.pdf\" target=\"blank\" rel=\"noopener noreferrer\">Klikk her<\/a>]<\/strong><\/em><\/p>\n<p><img decoding=\"async\" loading=\"lazy\" class=\"alignnone wp-image-321\" src=\"http:\/\/issaproject.eu\/wp-content\/uploads\/2020\/03\/iconfinder_discord_14_5474118.png\" alt=\"\" width=\"42\" height=\"42\" \/> Virtuell verden-plattform (<a href=\"http:\/\/issaproject.eu\/?page_id=830&amp;lang=nn\" target=\"_blank\" rel=\"noopener noreferrer\">lenke til siden<\/a>)<\/p>\n<p><img decoding=\"async\" loading=\"lazy\" class=\"alignnone wp-image-315\" src=\"http:\/\/issaproject.eu\/wp-content\/uploads\/2020\/03\/acrobatpdf-300x264.jpg\" alt=\"\" width=\"39\" height=\"34\" \/> <a href=\"http:\/\/issaproject.eu\/wp-content\/uploads\/2021\/02\/ISSA-Platform-manual_v1_NO.pdf\" target=\"_blank\" rel=\"noopener noreferrer\">Manual (versjon 1)<\/a><\/p>\n<p><img decoding=\"async\" loading=\"lazy\" class=\"alignnone wp-image-315\" src=\"http:\/\/issaproject.eu\/wp-content\/uploads\/2020\/03\/acrobatpdf-300x264.jpg\" alt=\"\" width=\"39\" height=\"34\" \/> <a href=\"http:\/\/issaproject.eu\/wp-content\/uploads\/2021\/09\/ISSA-Platform-manual_v2_NO.pdf\" target=\"_blank\" rel=\"noopener noreferrer\">Manual (versjon 2)<\/a><\/p>\n<p><img decoding=\"async\" loading=\"lazy\" class=\"alignnone wp-image-319 \" src=\"http:\/\/issaproject.eu\/wp-content\/uploads\/2020\/03\/iconfinder_play_1055007.png\" alt=\"\" width=\"37\" height=\"37\" \/> <a href=\"https:\/\/www.youtube.com\/watch?v=YOR0skwsEqc&amp;ab_channel=ISSAproject\" target=\"_blank\" rel=\"noopener noreferrer\">Demonstrasjonsvideo<\/a><\/p>\n\n<\/div><h2 class=\"tabtitle\">Leveranse 4<\/h2>\n<div class=\"tabcontent\">\n\n<p><strong>Pilottest for internasjonaliseringsaktiviteter for sosiale entrepren\u00f8rer og oppstartbedrifter<\/strong><\/p>\n<p><img decoding=\"async\" loading=\"lazy\" class=\"wp-image-310 alignleft\" src=\"http:\/\/issaproject.eu\/wp-content\/uploads\/2020\/03\/iconfinder_77_hacker_user_gammer_programmer_4307949-300x300.png\" alt=\"\" width=\"153\" height=\"153\" srcset=\"http:\/\/issaproject.eu\/wp-content\/uploads\/2020\/03\/iconfinder_77_hacker_user_gammer_programmer_4307949-300x300.png 300w, http:\/\/issaproject.eu\/wp-content\/uploads\/2020\/03\/iconfinder_77_hacker_user_gammer_programmer_4307949-150x150.png 150w, http:\/\/issaproject.eu\/wp-content\/uploads\/2020\/03\/iconfinder_77_hacker_user_gammer_programmer_4307949.png 512w\" sizes=\"(max-width: 153px) 100vw, 153px\" \/>Her er m\u00e5let \u00e5 gjennomf\u00f8re piloter som skal sikre at det utviklede kompetanserammeverket, egentreningspakken, scenaroiene, e-l\u00e6ringsplattformen og VW-milj\u00f8et er av god kvalitet, er sammenhengende produkter som tilfredsstiller sine m\u00e5l, er relevante for brukernes behov og gir et godt potensial for internasjonalisering.<\/p>\n<p>&nbsp;<\/p>\n<p>&nbsp;<\/p>\n<p><strong>Leveranser:<\/strong><\/p>\n<p><img decoding=\"async\" loading=\"lazy\" class=\"alignnone wp-image-315\" src=\"http:\/\/issaproject.eu\/wp-content\/uploads\/2020\/03\/acrobatpdf-300x264.jpg\" alt=\"\" width=\"39\" height=\"34\" \/> <a href=\"http:\/\/issaproject.eu\/wp-content\/uploads\/2021\/09\/ISSA-Piloting-methodology_final.pdf\" target=\"_blank\" rel=\"noopener noreferrer\">Piloteringsmetodikk<\/a><\/p>\n<p><img decoding=\"async\" loading=\"lazy\" class=\"alignnone wp-image-315\" src=\"http:\/\/issaproject.eu\/wp-content\/uploads\/2020\/03\/acrobatpdf-300x264.jpg\" alt=\"\" width=\"39\" height=\"34\" \/> <a href=\"http:\/\/issaproject.eu\/wp-content\/uploads\/2021\/12\/consolidated-piloting-report-ISSA-final.pdf\" target=\"_blank\" rel=\"noopener noreferrer\">Pilotrapport<\/a><\/p>\n<\/div><\/div>\n","protected":false},"excerpt":{"rendered":"<p>ISSA-prosjektet, &#8220;Internasjonalisering for sosiale og innovative oppstartbedrifter og entrepren\u00f8rer&#8221;, er designet for \u00e5 identifisere sentrale og innovative l\u00e6remetoder som legger til rette for suksess i internasjonale aktiviteter for sosiale oppstartbedrifter og entrepren\u00f8rer. Prosjektet er basert p\u00e5 tidligere prosjekter (SUC, oppstartmilj\u00f8er; SUI, internasjonalisering av oppstartbedrifter), men g\u00e5r et steg videre i \u00e5 promotere internasjonalisering og utvikling &hellip; <a href=\"http:\/\/issaproject.eu\/?page_id=822&#038;lang=nn\" class=\"more-link\">Continue reading <span class=\"screen-reader-text\">Om<\/span><\/a><\/p>\n","protected":false},"author":1,"featured_media":0,"parent":0,"menu_order":0,"comment_status":"closed","ping_status":"closed","template":"","meta":{"jetpack_post_was_ever_published":false},"jetpack_sharing_enabled":true,"jetpack_shortlink":"https:\/\/wp.me\/PceX4s-dg","_links":{"self":[{"href":"http:\/\/issaproject.eu\/index.php?rest_route=\/wp\/v2\/pages\/822"}],"collection":[{"href":"http:\/\/issaproject.eu\/index.php?rest_route=\/wp\/v2\/pages"}],"about":[{"href":"http:\/\/issaproject.eu\/index.php?rest_route=\/wp\/v2\/types\/page"}],"author":[{"embeddable":true,"href":"http:\/\/issaproject.eu\/index.php?rest_route=\/wp\/v2\/users\/1"}],"replies":[{"embeddable":true,"href":"http:\/\/issaproject.eu\/index.php?rest_route=%2Fwp%2Fv2%2Fcomments&post=822"}],"version-history":[{"count":24,"href":"http:\/\/issaproject.eu\/index.php?rest_route=\/wp\/v2\/pages\/822\/revisions"}],"predecessor-version":[{"id":1700,"href":"http:\/\/issaproject.eu\/index.php?rest_route=\/wp\/v2\/pages\/822\/revisions\/1700"}],"wp:attachment":[{"href":"http:\/\/issaproject.eu\/index.php?rest_route=%2Fwp%2Fv2%2Fmedia&parent=822"}],"curies":[{"name":"wp","href":"https:\/\/api.w.org\/{rel}","templated":true}]}}