{"id":830,"date":"2020-04-09T14:19:40","date_gmt":"2020-04-09T14:19:40","guid":{"rendered":"http:\/\/issaproject.eu\/?page_id=830"},"modified":"2021-10-25T09:51:10","modified_gmt":"2021-10-25T09:51:10","slug":"issas-virtuelle-verden","status":"publish","type":"page","link":"http:\/\/issaproject.eu\/?page_id=830&lang=nn","title":{"rendered":"ISSAs Virtuelle Verden"},"content":{"rendered":"<p>Her vil du \u00f8ve p\u00e5 det du har l\u00e6rt fra Moodle! ISSA Virtual World sitt l\u00e6ringsmilj\u00f8 vil gj\u00f8re det lettere for deg \u00e5 teste hvordan hovedkonseptene fra modulene kan anvendes i realistiske situasjoner. Denne \u00f8velsen vil dermed gi deg erfaringer som vil hjelpe deg i \u00e5 gjennomf\u00f8re selvevalueringstesten i de ulike modulene, slik at du kan fullf\u00f8re l\u00e6ringsopplegget.<\/p>\n<p>Her vil du implementere relaterte scenarier knyttet til de tilsvarende modulene fra ISSA Moodle:<\/p>\n<table>\n<tbody>\n<tr>\n<td width=\"277\"><strong>SCENARIO: KULTURELL\u00a0BEVISSTHET<\/strong><\/td>\n<td width=\"277\">Det vil finne sted inne i en kaffebar. Du m\u00e5 analysere situasjonen og den virkelige betydningen av kulturell bevissthet og danne deg et mer realistisk syn av situasjonen<\/td>\n<\/tr>\n<tr>\n<td width=\"277\"><strong>SCENARIO: MOBILISERE\u00a0RESSURSER <\/strong><\/p>\n<p>&nbsp;<\/td>\n<td width=\"277\">Det vil finne sted i et selskap for sosial virksomhet kalt WeRcakes Ltd. Her m\u00e5 du vise at du er klar over ressursene du har, og at du kan finne den beste m\u00e5ten \u00e5 mobilisere nevnte ressurser, for \u00e5 f\u00e5 mest mulig ut av internasjonaliseringsopplevelsen.<\/td>\n<\/tr>\n<tr>\n<td width=\"277\"><strong>SCENARIO: IDENTIFISERE\u00a0SOSIALE\u00a0PROBLEMER <\/strong><\/td>\n<td width=\"277\">Det vil finne sted i et selskap for sosial virksomhet kalt ECORAISE. Her m\u00e5 du svare p\u00e5 sp\u00f8rsm\u00e5l som omhandler sosiale problemer i forskjellige samfunn i ulike land.<\/td>\n<\/tr>\n<tr>\n<td width=\"277\"><strong>SCENARIO: OPPDAGE MULIGHETER<\/strong><\/p>\n<p><strong>\u00a0<\/strong><\/td>\n<td width=\"277\">Det vil finne sted inne i et hus \u2013 ditt hus. I dette scenariet er du en sosial gr\u00fcnder som starter virksomheten din, men fortsatt perfeksjonerer ideen din, s\u00e5 du jobber hjemmefra. Du m\u00e5 l\u00e6re \u00e5 finne muligheter som kan bidra til \u00e5 n\u00e5 dine m\u00e5l.<\/td>\n<\/tr>\n<\/tbody>\n<\/table>\n<p>For \u00e5 f\u00e5 tilgang til scenarioene, m\u00e5 du utf\u00f8re 2 steg:<\/p>\n<ol>\n<li style=\"list-style-type: none;\">\n<ol>\n<li>Last ned og installer riktig programvare, for \u00e5 f\u00e5 tilgang til den virtuelle verdenen, og<\/li>\n<li>Lag en avatar<\/li>\n<\/ol>\n<\/li>\n<\/ol>\n<p>For \u00e5 gj\u00f8re dette, les <strong><a href=\"http:\/\/issaproject.eu\/wp-content\/uploads\/2021\/09\/ISSA-Platform-manual_v2_NO.pdf\" target=\"_blank\" rel=\"noopener noreferrer\">manualen<\/a> <\/strong>OG se denne <a href=\"https:\/\/www.youtube.com\/watch?v=uiWW0hjuH0k&amp;ab_channel=ISSAproject\" target=\"_blank\" rel=\"noopener noreferrer\"><strong>videoen<\/strong><\/a>.<\/p>\n<p>Husk:<\/p>\n<ul>\n<li style=\"list-style-type: none;\">\n<ul>\n<li>Du bruker samme brukernavn og passord som du allerede har for ISSA MOODLE, men du m\u00e5 skrive brukernavnet ditt to ganger. Les manualen for mer info.<\/li>\n<li>Det er anbefalt \u00e5 allerede v\u00e6re logget inn i ISSA MOODLE, slik at du enkelt kan skrive inn koden du f\u00e5r n\u00e5r du fullf\u00f8rer hvert scenario i det tilh\u00f8rende feltet i ISSA MOODLE modulen.<\/li>\n<\/ul>\n<\/li>\n<\/ul>\n<p><img decoding=\"async\" loading=\"lazy\" class=\"alignnone wp-image-319 \" src=\"http:\/\/issaproject.eu\/wp-content\/uploads\/2020\/03\/iconfinder_play_1055007.png\" alt=\"\" width=\"37\" height=\"37\" \/> <a href=\"https:\/\/www.youtube.com\/watch?v=YOR0skwsEqc&amp;ab_channel=ISSAproject\" target=\"_blank\" rel=\"noopener noreferrer\">\u0392\u03af\u03bd\u03c4\u03b5\u03bf \u03b5\u03c0\u03af\u03b4\u03b5\u03b9\u03be\u03b7\u03c2<\/a><\/p>\n<p>&nbsp;<\/p>\n<p><img decoding=\"async\" loading=\"lazy\" class=\"aligncenter wp-image-1625 size-large\" src=\"http:\/\/issaproject.eu\/wp-content\/uploads\/2021\/09\/s-1024x897.jpg\" alt=\"\" width=\"1024\" height=\"897\" srcset=\"http:\/\/issaproject.eu\/wp-content\/uploads\/2021\/09\/s-1024x897.jpg 1024w, http:\/\/issaproject.eu\/wp-content\/uploads\/2021\/09\/s-300x263.jpg 300w, http:\/\/issaproject.eu\/wp-content\/uploads\/2021\/09\/s-768x673.jpg 768w, http:\/\/issaproject.eu\/wp-content\/uploads\/2021\/09\/s.jpg 1437w\" sizes=\"(max-width: 1024px) 100vw, 1024px\" \/><\/p>\n<p>&nbsp;<\/p>\n","protected":false},"excerpt":{"rendered":"<p>Her vil du \u00f8ve p\u00e5 det du har l\u00e6rt fra Moodle! ISSA Virtual World sitt l\u00e6ringsmilj\u00f8 vil gj\u00f8re det lettere for deg \u00e5 teste hvordan hovedkonseptene fra modulene kan anvendes i realistiske situasjoner. Denne \u00f8velsen vil dermed gi deg erfaringer som vil hjelpe deg i \u00e5 gjennomf\u00f8re selvevalueringstesten i de ulike modulene, slik at du &hellip; <a href=\"http:\/\/issaproject.eu\/?page_id=830&#038;lang=nn\" class=\"more-link\">Continue reading <span class=\"screen-reader-text\">ISSAs Virtuelle Verden<\/span><\/a><\/p>\n","protected":false},"author":1,"featured_media":0,"parent":0,"menu_order":0,"comment_status":"closed","ping_status":"closed","template":"","meta":{"jetpack_post_was_ever_published":false},"jetpack_sharing_enabled":true,"jetpack_shortlink":"https:\/\/wp.me\/PceX4s-do","_links":{"self":[{"href":"http:\/\/issaproject.eu\/index.php?rest_route=\/wp\/v2\/pages\/830"}],"collection":[{"href":"http:\/\/issaproject.eu\/index.php?rest_route=\/wp\/v2\/pages"}],"about":[{"href":"http:\/\/issaproject.eu\/index.php?rest_route=\/wp\/v2\/types\/page"}],"author":[{"embeddable":true,"href":"http:\/\/issaproject.eu\/index.php?rest_route=\/wp\/v2\/users\/1"}],"replies":[{"embeddable":true,"href":"http:\/\/issaproject.eu\/index.php?rest_route=%2Fwp%2Fv2%2Fcomments&post=830"}],"version-history":[{"count":13,"href":"http:\/\/issaproject.eu\/index.php?rest_route=\/wp\/v2\/pages\/830\/revisions"}],"predecessor-version":[{"id":1688,"href":"http:\/\/issaproject.eu\/index.php?rest_route=\/wp\/v2\/pages\/830\/revisions\/1688"}],"wp:attachment":[{"href":"http:\/\/issaproject.eu\/index.php?rest_route=%2Fwp%2Fv2%2Fmedia&parent=830"}],"curies":[{"name":"wp","href":"https:\/\/api.w.org\/{rel}","templated":true}]}}